{"id":98,"date":"2018-03-19T23:26:18","date_gmt":"2018-03-19T23:26:18","guid":{"rendered":"http:\/\/localhost\/orange-bird\/?page_id=98"},"modified":"2025-05-16T11:10:39","modified_gmt":"2025-05-16T10:10:39","slug":"general-dentistry","status":"publish","type":"page","link":"https:\/\/tcbrigantijn.nl\/de\/general-dentistry\/","title":{"rendered":"General dentistry"},"content":{"rendered":"&nbsp;\r\n<div class=\"main-pic main-pic_theme main-pic_general_dentistry\">\r\n<div class=\"container container_border_bottom\">\r\n<h1 class=\"main-title double-string main-title_treatments\">Allgemeine Zahnheilkunde<\/h1>\r\n<p class=\"main-subtitle main-subtitle_treatments\">Bei TC Brigantijn sind sie f\u00fcr jedes Zahnproblem an der richtigen Adresse.<\/p>\r\n\r\n<div class=\"buttons-block lg-flex buttons-block_mobile\">\r\n\r\n<button class=\"buttons-block__item buttons-block__item_enroll buttons-block__item_left-radius mobile-enroll\" type=\"button\">Termin machen<\/button>\r\n<div class=\"appointment appointment__mobile\">\r\n<div class=\"appointment__row\">\n<div class=\"wpcf7 no-js\" id=\"wpcf7-f476-o5\" lang=\"en-US\" dir=\"ltr\" data-wpcf7-id=\"476\">\n<div class=\"screen-reader-response\"><p role=\"status\" aria-live=\"polite\" aria-atomic=\"true\"><\/p> <ul><\/ul><\/div>\n<form action=\"\/de\/wp-json\/wp\/v2\/pages\/98#wpcf7-f476-o5\" method=\"post\" class=\"wpcf7-form init appointment__form\" aria-label=\"Contact form\" novalidate=\"novalidate\" data-status=\"init\">\n<fieldset class=\"hidden-fields-container\"><input type=\"hidden\" name=\"_wpcf7\" value=\"476\" \/><input type=\"hidden\" name=\"_wpcf7_version\" value=\"6.1.5\" \/><input type=\"hidden\" name=\"_wpcf7_locale\" value=\"en_US\" \/><input type=\"hidden\" name=\"_wpcf7_unit_tag\" value=\"wpcf7-f476-o5\" \/><input type=\"hidden\" name=\"_wpcf7_container_post\" value=\"0\" \/><input type=\"hidden\" name=\"_wpcf7_posted_data_hash\" value=\"\" \/><input type=\"hidden\" name=\"_wpcf7_recaptcha_response\" value=\"\" \/>\n<\/fieldset>\n<div class=\"appointment__data\">\n        <span class=\"wpcf7-form-control-wrap\" data-name=\"your-name\"><input size=\"40\" maxlength=\"400\" class=\"wpcf7-form-control wpcf7-text wpcf7-validates-as-required\" aria-required=\"true\" aria-invalid=\"false\" placeholder=\"Ihre Name*\" value=\"\" type=\"text\" name=\"your-name\" \/><\/span>\n        <span class=\"wpcf7-form-control-wrap\" data-name=\"your-email\"><input size=\"40\" maxlength=\"400\" class=\"wpcf7-form-control wpcf7-email wpcf7-validates-as-required wpcf7-text wpcf7-validates-as-email\" aria-required=\"true\" aria-invalid=\"false\" placeholder=\"E-Mail-Addresse*\" value=\"\" type=\"email\" name=\"your-email\" \/><\/span>\n        <span class=\"wpcf7-form-control-wrap\" data-name=\"your-phone-number\"><input size=\"40\" maxlength=\"400\" class=\"wpcf7-form-control wpcf7-text wpcf7-validates-as-required\" aria-required=\"true\" aria-invalid=\"false\" placeholder=\"Telefonnummer*\" value=\"\" type=\"text\" name=\"your-phone-number\" \/><\/span>\n        <div class=\"calendar-wrapper\"><span class=\"wpcf7-form-control-wrap\" data-name=\"preffered-date\"><input size=\"40\" maxlength=\"400\" class=\"wpcf7-form-control wpcf7-text walcf7-datepicker\" aria-invalid=\"false\" placeholder=\"Gew\u00fcnschtes Datum\" value=\"\" type=\"text\" name=\"preffered-date\" \/><\/span> <\/div>\n\n<\/div>\n<div class=\"appointment__message\">\n        <span class=\"wpcf7-form-control-wrap\" data-name=\"how-can-we-help-you\"><textarea cols=\"40\" rows=\"5\" maxlength=\"2000\" class=\"wpcf7-form-control wpcf7-textarea\" aria-invalid=\"false\" placeholder=\"Wie k\u00c3\u00b6nnen wir Ihnen helfen?\" name=\"how-can-we-help-you\"><\/textarea><\/span>\n\n<\/div>\n\n<div class=\"appointment__btn\">\n        <input class=\"wpcf7-form-control wpcf7-submit has-spinner callback__submit\" type=\"submit\" value=\"Senden\" \/> \n\t<input class=\"callback__clear\" type=\"reset\" value=\"alles l\u00c3\u00b6schen\">\n<\/div><div class=\"wpcf7-response-output\" aria-hidden=\"true\"><\/div>\n<\/form>\n<\/div>\n<\/div>\r\n<\/div>\r\n<button class=\"buttons-block__item buttons-block__item_callback mobile-callback\" type=\"button\">R\u00fcckruf anfragen<\/button>\r\n<div class=\"callback callback__mobile\">\r\n<div class=\"callback__row\">\n<div class=\"wpcf7 no-js\" id=\"wpcf7-f448-o6\" lang=\"en-US\" dir=\"ltr\" data-wpcf7-id=\"448\">\n<div class=\"screen-reader-response\"><p role=\"status\" aria-live=\"polite\" aria-atomic=\"true\"><\/p> <ul><\/ul><\/div>\n<form action=\"\/de\/wp-json\/wp\/v2\/pages\/98#wpcf7-f448-o6\" method=\"post\" class=\"wpcf7-form init callback__form\" aria-label=\"Contact form\" novalidate=\"novalidate\" data-status=\"init\">\n<fieldset class=\"hidden-fields-container\"><input type=\"hidden\" name=\"_wpcf7\" value=\"448\" \/><input type=\"hidden\" name=\"_wpcf7_version\" value=\"6.1.5\" \/><input type=\"hidden\" name=\"_wpcf7_locale\" value=\"en_US\" \/><input type=\"hidden\" name=\"_wpcf7_unit_tag\" value=\"wpcf7-f448-o6\" \/><input type=\"hidden\" name=\"_wpcf7_container_post\" value=\"0\" \/><input type=\"hidden\" name=\"_wpcf7_posted_data_hash\" value=\"\" \/><input type=\"hidden\" name=\"_wpcf7_recaptcha_response\" value=\"\" \/>\n<\/fieldset>\n<div class=\"callback__data\">\n        <span class=\"wpcf7-form-control-wrap\" data-name=\"your-name\"><input size=\"40\" maxlength=\"400\" class=\"wpcf7-form-control wpcf7-text wpcf7-validates-as-required\" aria-required=\"true\" aria-invalid=\"false\" placeholder=\"Ihre Name*\" value=\"\" type=\"text\" name=\"your-name\" \/><\/span>\n        <span class=\"wpcf7-form-control-wrap\" data-name=\"your-phone-number\"><input size=\"40\" maxlength=\"400\" class=\"wpcf7-form-control wpcf7-text wpcf7-validates-as-required\" aria-required=\"true\" aria-invalid=\"false\" placeholder=\"Telefonnummer*\" value=\"\" type=\"text\" name=\"your-phone-number\" \/><\/span>\n        \n\n<\/div>\n<div class=\"callback__message\">\n        <span class=\"wpcf7-form-control-wrap\" data-name=\"remark\"><textarea cols=\"40\" rows=\"2\" maxlength=\"2000\" class=\"wpcf7-form-control wpcf7-textarea\" aria-invalid=\"false\" placeholder=\"Bemerkung\" name=\"remark\"><\/textarea><\/span>\n<\/div>\n\n\n<div class=\"callback__btn\">\n        <input class=\"wpcf7-form-control wpcf7-submit has-spinner callback__submit\" type=\"submit\" value=\"Senden\" \/> \n\t<input class=\"callback__clear\" type=\"reset\" value=\"alles l\u00f6schen\">\n<\/div><div class=\"wpcf7-response-output\" aria-hidden=\"true\"><\/div>\n<\/form>\n<\/div>\n<\/div>\r\n<\/div>\r\n<a class=\"buttons-block__item buttons-block__item_emergency buttons-block__item_right-radius\" href=\"https:\/\/tcbrigantijn.nl\/emergency-appointment\">Notfalltermine<\/a>\r\n\r\n<\/div>\r\n<div class=\"buttons-block lg-none\">\r\n         <button class=\"buttons-block__item buttons-block__item_enroll top-enroll\" type=\"button\">Termin machen<\/button>\r\n         <button class=\"buttons-block__item buttons-block__item_callback top-callback\" type=\"button\">R\u00fcckruf anfragen<\/button>\r\n         <a class=\"buttons-block__item buttons-block__item_emergency\" href=\"https:\/\/tcbrigantijn.nl\/nl\/emergency-appointment\" type=\"button\">Notfalltermine<\/a>\r\n      <\/div>\r\n\r\n<\/div>\r\n<\/div>\r\n<div class=\"forms\">\r\n<div class=\"appointment appointment__top\">\r\n<div class=\"wrapper\">\r\n<div class=\"appointment__row\">\n<div class=\"wpcf7 no-js\" id=\"wpcf7-f444-o7\" lang=\"en-US\" dir=\"ltr\" data-wpcf7-id=\"444\">\n<div class=\"screen-reader-response\"><p role=\"status\" aria-live=\"polite\" aria-atomic=\"true\"><\/p> <ul><\/ul><\/div>\n<form action=\"\/de\/wp-json\/wp\/v2\/pages\/98#wpcf7-f444-o7\" method=\"post\" class=\"wpcf7-form init appointment__form\" aria-label=\"Contact form\" novalidate=\"novalidate\" data-status=\"init\">\n<fieldset class=\"hidden-fields-container\"><input type=\"hidden\" name=\"_wpcf7\" value=\"444\" \/><input type=\"hidden\" name=\"_wpcf7_version\" value=\"6.1.5\" \/><input type=\"hidden\" name=\"_wpcf7_locale\" value=\"en_US\" \/><input type=\"hidden\" name=\"_wpcf7_unit_tag\" value=\"wpcf7-f444-o7\" \/><input type=\"hidden\" name=\"_wpcf7_container_post\" value=\"0\" \/><input type=\"hidden\" name=\"_wpcf7_posted_data_hash\" value=\"\" \/><input type=\"hidden\" name=\"_wpcf7_recaptcha_response\" value=\"\" \/>\n<\/fieldset>\n<div class=\"appointment__data\">\n        <span class=\"wpcf7-form-control-wrap\" data-name=\"your-name\"><input size=\"40\" maxlength=\"400\" class=\"wpcf7-form-control wpcf7-text wpcf7-validates-as-required\" aria-required=\"true\" aria-invalid=\"false\" placeholder=\"Ihre Name*\" value=\"\" type=\"text\" name=\"your-name\" \/><\/span>\n        <span class=\"wpcf7-form-control-wrap\" data-name=\"your-email\"><input size=\"40\" maxlength=\"400\" class=\"wpcf7-form-control wpcf7-email wpcf7-validates-as-required wpcf7-text wpcf7-validates-as-email\" aria-required=\"true\" aria-invalid=\"false\" placeholder=\"E-Mail-Addresse*\" value=\"\" type=\"email\" name=\"your-email\" \/><\/span>\n        <span class=\"wpcf7-form-control-wrap\" data-name=\"your-phone-number\"><input size=\"40\" maxlength=\"400\" class=\"wpcf7-form-control wpcf7-text wpcf7-validates-as-required\" aria-required=\"true\" aria-invalid=\"false\" placeholder=\"Telefonnummer*\" value=\"\" type=\"text\" name=\"your-phone-number\" \/><\/span>\n        <div class=\"calendar-wrapper\">\n              <span class=\"wpcf7-form-control-wrap\" data-name=\"preffered-date\"><input size=\"40\" maxlength=\"400\" class=\"wpcf7-form-control wpcf7-text walcf7-datepicker\" aria-invalid=\"false\" placeholder=\"Gew\u00fcnschtes Datum\" value=\"\" type=\"text\" name=\"preffered-date\" \/><\/span>\n        <\/div>\n\n<\/div>\n<div class=\"appointment__message\">\n        <span class=\"wpcf7-form-control-wrap\" data-name=\"how-can-we-help-you\"><textarea cols=\"40\" rows=\"5\" maxlength=\"2000\" class=\"wpcf7-form-control wpcf7-textarea\" aria-invalid=\"false\" placeholder=\"Wie k\u00f6nnen wir Ihnen helfen?\" name=\"how-can-we-help-you\"><\/textarea><\/span>\n\n<\/div>\n\n<div class=\"appointment__btn\">\n        <input class=\"wpcf7-form-control wpcf7-submit has-spinner callback__submit\" type=\"submit\" value=\"Senden\" \/> \n\t<input class=\"callback__clear\" type=\"reset\" value=\"alles l\u00f6schen\">\n<\/div><div class=\"wpcf7-response-output\" aria-hidden=\"true\"><\/div>\n<\/form>\n<\/div>\n<\/div>\r\n<\/div>\r\n<\/div>\r\n<div class=\"callback callback__top\">\r\n<div class=\"wrapper\">\r\n<div class=\"callback__row\">\n<div class=\"wpcf7 no-js\" id=\"wpcf7-f448-o8\" lang=\"en-US\" dir=\"ltr\" data-wpcf7-id=\"448\">\n<div class=\"screen-reader-response\"><p role=\"status\" aria-live=\"polite\" aria-atomic=\"true\"><\/p> <ul><\/ul><\/div>\n<form action=\"\/de\/wp-json\/wp\/v2\/pages\/98#wpcf7-f448-o8\" method=\"post\" class=\"wpcf7-form init callback__form\" aria-label=\"Contact form\" novalidate=\"novalidate\" data-status=\"init\">\n<fieldset class=\"hidden-fields-container\"><input type=\"hidden\" name=\"_wpcf7\" value=\"448\" \/><input type=\"hidden\" name=\"_wpcf7_version\" value=\"6.1.5\" \/><input type=\"hidden\" name=\"_wpcf7_locale\" value=\"en_US\" \/><input type=\"hidden\" name=\"_wpcf7_unit_tag\" value=\"wpcf7-f448-o8\" \/><input type=\"hidden\" name=\"_wpcf7_container_post\" value=\"0\" \/><input type=\"hidden\" name=\"_wpcf7_posted_data_hash\" value=\"\" \/><input type=\"hidden\" name=\"_wpcf7_recaptcha_response\" value=\"\" \/>\n<\/fieldset>\n<div class=\"callback__data\">\n        <span class=\"wpcf7-form-control-wrap\" data-name=\"your-name\"><input size=\"40\" maxlength=\"400\" class=\"wpcf7-form-control wpcf7-text wpcf7-validates-as-required\" aria-required=\"true\" aria-invalid=\"false\" placeholder=\"Ihre Name*\" value=\"\" type=\"text\" name=\"your-name\" \/><\/span>\n        <span class=\"wpcf7-form-control-wrap\" data-name=\"your-phone-number\"><input size=\"40\" maxlength=\"400\" class=\"wpcf7-form-control wpcf7-text wpcf7-validates-as-required\" aria-required=\"true\" aria-invalid=\"false\" placeholder=\"Telefonnummer*\" value=\"\" type=\"text\" name=\"your-phone-number\" \/><\/span>\n        \n\n<\/div>\n<div class=\"callback__message\">\n        <span class=\"wpcf7-form-control-wrap\" data-name=\"remark\"><textarea cols=\"40\" rows=\"2\" maxlength=\"2000\" class=\"wpcf7-form-control wpcf7-textarea\" aria-invalid=\"false\" placeholder=\"Bemerkung\" name=\"remark\"><\/textarea><\/span>\n<\/div>\n\n\n<div class=\"callback__btn\">\n        <input class=\"wpcf7-form-control wpcf7-submit has-spinner callback__submit\" type=\"submit\" value=\"Senden\" \/> \n\t<input class=\"callback__clear\" type=\"reset\" value=\"alles l\u00f6schen\">\n<\/div><div class=\"wpcf7-response-output\" aria-hidden=\"true\"><\/div>\n<\/form>\n<\/div>\n<\/div>\r\n<\/div>\r\n<\/div>\r\n<\/div>\r\n<div class=\"container\">\r\n<div class=\"breadcrumbs breadcrumbs_light_theme breadcrumbs_offset-top\"><span class=\"active-bread\">\/ F\u00fcr Patienten \/ <\/span><a class=\"breadcrumbs__link\" href=\"https:\/\/tcbrigantijn.nl\/general-dentistry\/\">Behandlungen<\/a>\r\n<span class=\"active-bread\"> \/ Allgemeine Zahnheilkunde<\/span><\/div>\r\n<\/div>\r\n<div class=\"container container_inner\">\r\n<div class=\"inner-text\">\r\nWir bieten Zahnheilkunde up to date. F\u00fcr Prophylaxe, Mundhygiene, Parodontologie, F\u00fcllungen, Wurzelkanalbehandlungen, orale Chirurgie, Implantologie, \u00e4sthetische und kosmetische Zahnheilkunde, prothetische Versorgung oder Behandlung bei Zahnarztangst finden sie bei uns ein erfahrenes Team von Zahn\u00e4rzten, Mundhygienisten, Assistenten und administrativen Mitarbeitern.\r\n\r\n<\/div>\r\n<div class=\"inner-text\">\r\n<h2 class=\"inner-text__title\">Prophylaxe<\/h2>\r\nPrevention hat in unserem zahnheilkundigen Zentrum h\u00f6chste Priorit\u00e4t. Vorsorgen ist besser, einfacher und preisg\u00fcnstiger als sp\u00e4ter zu therapieren. Unser Prophylaxeteam sorgt daf\u00fcr dass ihre Z\u00e4hne nicht nur tadellos sauber werden sondern dass ihr Mund auch gesund bleibt. Es wird viel getan um ihr Zahnfleisch gesund zu halten. Zahnfleischbluten ist immer ein Indikator daf\u00fcr, dass etwas nicht in Ordnung ist.<br>\r\nPrevention bei Kindern beinhaltet automatisch auch das Geben von Putzinstruktionen so wie auch Sealings und gezielte Fluoridgaben um Karies und Zahnschmelzerosion zu vermeiden. Begleitend zur kieferorthop\u00e4dischen Behandlung (Zahnspangenfase) haben ihre Kinder besondere Hilfe n\u00f6tig. So sorgen wir daf\u00fcr dass zwischen den Brackets und der Zahnspange gut gereinigt wird und geben Tips wie sie selbst zu Haus die Mundhygiene ihre Kinder verbessern k\u00f6nnen.\r\n\r\n<\/div>\r\n<div class=\"inner-text\">\r\n<h2 class=\"inner-text__title\">Mundhygi\u00ebnist<\/h2>\r\nBeim ersten Termin sowie bei jeder halbj\u00e4hrlichen Kontrolle untersucht der Zahnarzt nicht nur die Z\u00e4hne sondern auch das Zahnfleisch (DPSI-Score). Leiden sie zum Beispiel unter blutendem oder zur\u00fcckgezogenem Zahnfleisch, beginnen ihre Z\u00e4hne sich zu bewegen und ist der DPSI-Score 3 oder h\u00f6her, dann haben sie sehr wahrscheinlich Parodontitis. Das kann mehrere Ursachen haben. Eine Ursache ist zum Beispiel das Vorhandensein von Bakterien. Mit Hilfe eines einfachen Tests kann unser Mundhygienistenteam feststellen welche Bakterien bei ihnen vorhanden sind. Abh\u00e4ngig vom Testresultat wird dann ein Behandelplan aufgestellt und mit ihnen besprochen. Auch bekommen sie einen Kostenvoranschlag. Eine Parodontitisbehandlung kann 2 Jahre oder l\u00e4nger dauern und erscheint damit auf den ersten Blick recht teuer. Sie bestimmen letztendlich selbst ob es ihnen Wert ist mit ihren eigenen Z\u00e4hnen und einem gesunden Gebiss zu leben oder in der Zukunft eine Zahnprothese tragen zu m\u00fcssen.\r\n\r\n<\/div>\r\n<div class=\"inner-text\">\r\n<h2 class=\"inner-text__title\">F\u00fcllungen<\/h2>\r\nFr\u00fcher wurden bei Karies Amalgamf\u00fcllungen gebraucht. Wann m\u00fcssen diese F\u00fcllungen ausgetauscht werden gegen \u00e2\u20ac\u0153wei\u00dfe\u00e2\u20ac\u009d F\u00fcllungen?\r\n\r\nVoordelen witte vullingen\r\n\r\nWitte vullingen hebben drie voordelen:\r\n\r\n1) ze zijn tandkleurig en daardoor minder opvallend dan grijze amalgaamvullingen;\r\n\r\n2) het witte vulmateriaal wordt aan de tand of kies geplakt, waardoor er geen gezonde delen van de tand of kies behoeven te worden weggeslepen (dit is w\u00e9l noodzakelijk bij een amalgaamvulling);\r\n\r\n3) de plaktechniek zorgt ook voor een goede hechting van de vulling aan de tand of kies, waardoor deze sterker wordt.\r\n<\/div>\r\n<div class=\"inner-text\">\r\n<h2 class=\"inner-text__title\">Vorteile von \u00e2\u20ac\u0153wei\u00dfen\u00e2\u20ac\u009d F\u00fcllungen<\/h2>\r\nDie \u00e2\u20ac\u0153wei\u00dfen\u00e2\u20ac\u009d F\u00fcllungen hei\u00dfen auch Komposite F\u00fcllungen. Diese haben 3 wesentliche Vorteile. 1.Sie haben die gleiche Farbe wie ihre eigenen Z\u00e4hne und fallen dadurch nicht mehr auf, im Gegensatz zu den grauen, silberfarbigen Amalgamf\u00fcllungen. 2.Das Komposite Material wird mit Hilfe einer S\u00e4ure-\u00e4tztechnik am Zahn angebracht. Dadurch muss viel weniger gesunde Zahnsubstanz weggebohrt werden als bei einer Amalgamf\u00fcllung. 3.Die S\u00e4ure-\u00e4tztechnik sorgt f\u00fcr eine optimale Klebeigenschaft, so dass der Zahn im Prinzip st\u00e4rker und stabiler wird.\r\n\r\n<\/div>\r\n<div class=\"inner-text\">\r\n<h2 class=\"inner-text__title\">Nachteile von \u00e2\u20ac\u0153wei\u00dfen\u00e2\u20ac\u009d F\u00fcllungen<\/h2>\r\nKomposite F\u00fcllungen kennen auch Nachteile. 1.Kompositf\u00fcllungen haben die Eigenschaft beim Aush\u00e4rten zu schrumpfen. Diesem Effekt kann gegengewirkt werden, indem man kleine Portionen Komposite am Zahn anbringt und zwischendurch aush\u00e4rtet. Je gr\u00f6\u00dfer die F\u00fcllung wird, desto gr\u00f6\u00dfer der Schrumpfeffekt. Diese Schrumpfung erkl\u00e4rt dann auch, warum ein Zahn nach einer F\u00fcllung sensibel reagiert. Die Sensibilit\u00e4t nimmt letztendlich ab. Dies kann ein paar Tage bis zu einigen Monaten dauern. Vielfach ist es besser ab einer bestimmten Gr\u00f6\u00dfe des Defekts keine F\u00fcllung zu machen sondern eine Krone. 2.Das Legen einer Komposite F\u00fcllung dauert l\u00e4nger als bei einer Amalgam F\u00fcllung. Pr\u00e4zision und gute Trockenlegung sind erforderlich. 3.Die chemischen Bestandteile einer Komposite F\u00fcllung k\u00f6nnen bei tiefen Defekten in das Pulpagewebe eindringen und den Nerv sch\u00e4digen. Daher ist es ratsam auf jeden Fall eine sch\u00fctzende Unterlage anzubringen. Allerdings nimmt die Haftkraft des Komposits auf der Unterlage ab und eine F\u00fcllung kann dann unter Umst\u00e4nden heraus fallen.\r\n\r\n<\/div>\r\n<div class=\"inner-text\">\r\n<h2 class=\"inner-text__title\">Alte Amalgam F\u00fcllungen austauschen<\/h2>\r\nAlte Amalgam F\u00fcllungen werden ausgetauscht wenn sie gebrochen sind, der Randschluss nicht mehr gew\u00e4hrleistet ist oder wenn sekund\u00e4r Karies vorhanden ist. Vielfach bleiben diese Erscheinungen ohne Sensibilit\u00e4t und der Patient f\u00fchlt es nicht. H\u00e4ufig werden diese Defekte dann auf einem R\u00f6ntgenfoto entdeckt. In unserer Praxis verwenden wir nur hochwertige Komposite Materialien. Diese haben einen h\u00f6heren Anteil an keramischen F\u00fcllk\u00f6rpern und damit eine geringere Schrumpfung. Dennoch raten wir zu einer Krone wenn mehr als zwei Drittel des Zahnes zerst\u00f6rt sind oder die F\u00fcllung gr\u00f6\u00dfer als eine drei fl\u00e4chige F\u00fcllung wird. Sollte dies bei ihnen der Fall sein, bespricht der Zahnarzt dies mit ihnen und gibt ihnen einen Kostenvoranschlag (Begroting, Offerte) mit. Sie k\u00f6nnen dann erst in Ruhe mit ihrer Versicherung Kontakt aufnehmen und anschlie\u00dfend einen Termin zur Kronenpr\u00e4paration machen. Sollten sie weitere Fragen haben rufen sie uns an. Telefonnummer: +31 (0)70-7796140 Unser Team hilft ihnen gerne.\r\n\r\n\r\n<\/div>\r\n<\/div>\r\n<section class=\"treatments treatments_offset-bottom treatments_offset-top\">\r\n<h3 class=\"section-title section-title_waves_theme wow fadeInDown\" style=\"visibility: visible; animation-name: fadeInDown;\" data-wow-offset=\"150\">Behandlungen<\/h3>\r\n<div class=\"wrapper-full\">\r\n<div class=\"treatments__row\">\r\n<div class=\"treatments__card wow fadeInUp\" style=\"visibility: visible; animation-delay: 0.2s; animation-name: fadeInUp;\" data-wow-offset=\"100\" data-wow-delay=\".2s\">\r\n<h4 class=\"treatments__title\">Allgemeine Zahnheilkunde<\/h4>\r\n&nbsp;\r\n\r\n<img decoding=\"async\" class=\"treatments__pic\" src=\"https:\/\/tcbrigantijn.nl\/wp-content\/themes\/tcbrigantijn\/assets\/img\/treatments\/1.png\" alt=\"img\" \/>\r\n<a class=\"treatments__text\" href=\"https:\/\/tcbrigantijn.nl\/de\/general-dentistry\">Bei TC Brigantijn sind sie f\u00fcr jedes Zahnproblem an der richtigen Adresse. Wir bieten Zahnheilkunde up to date. F\u00fcr Prophylaxe, Mundhygiene, Parodontologie, F\u00fcllungen, Wurzelkanalbehandlungen, orale Chirurgie, Implantologie, \u00e4sthetische und kosmetische Zahnheilkunde, prothetische Versorgung oder Behandlung bei Zahnarztangst finden sie bei uns ein erfahrenes Team von Zahn\u00e4rzten, Mundhygienisten, Assistenten und administrativen Mitarbeitern.<\/a>\r\n<a class=\"know-more\" href=\"https:\/\/tcbrigantijn.nl\/de\/general-dentistry\">Mehr<\/a>\r\n\r\n<\/div>\r\n<div class=\"treatments__card wow fadeInUp\" style=\"visibility: visible; animation-delay: 0.4s; animation-name: fadeInUp;\" data-wow-offset=\"100\" data-wow-delay=\".4s\">\r\n<h4 class=\"treatments__title\">Angstbehandlung<\/h4>\r\n&nbsp;\r\n\r\n<img decoding=\"async\" class=\"treatments__pic\" src=\"https:\/\/tcbrigantijn.nl\/wp-content\/themes\/tcbrigantijn\/assets\/img\/treatments\/2.png\" alt=\"img\" \/>\r\n<a class=\"treatments__text\" href=\"https:\/\/tcbrigantijn.nl\/de\/treatments-for-patients-with-fear\">Viele Menschen haben Angst um zum Zahnarzt zu gehen. Haben sie das auch, dann ist es gut zu wissen dass sie nicht der einzige sind. Verschieben sie deswegen nicht den Zahnarztbesuch auf spaeter. Wir finden es wichtig, dass sie sich bei uns wohl fuhlen und auch ueber ihre Angste sprechen.\r\n<\/a>\r\n<a class=\"know-more\" href=\"https:\/\/tcbrigantijn.nl\/de\/treatments-for-patients-with-fear\">Mehr<\/a>\r\n\r\n<\/div>\r\n<div class=\"treatments__card wow fadeInUp\" style=\"visibility: visible; animation-delay: 0.6s; animation-name: fadeInUp;\" data-wow-offset=\"100\" data-wow-delay=\".6s\">\r\n<h4 class=\"treatments__title\">Implantate, Kronen und Br\u00fccken<\/h4>\r\n<img decoding=\"async\" class=\"treatments__pic\" src=\"https:\/\/tcbrigantijn.nl\/wp-content\/themes\/tcbrigantijn\/assets\/img\/treatments\/3.png\" alt=\"img\" \/>\r\n<a class=\"treatments__text\" href=\"https:\/\/tcbrigantijn.nl\/de\/implants-crowns-and-bridges\">Implantate in der Zahnheilkunde haben die Natur als Vorbild. Sie k\u00f6nnen die Funktion eines nat\u00fcrlichen Elements vollst\u00e4ndig ersetzen. Ein Implantat ersetzt die nat\u00fcrliche Wurzel eines verloren gegangenen Zahnes. Der Knochen w\u00e4chst in der Regel um das Implantat herum und gibt ihm die n\u00f6tige Festigkeit. \r\n<\/a>\r\n<a class=\"know-more\" href=\"https:\/\/tcbrigantijn.nl\/de\/implants-crowns-and-bridges\">Mehr<\/a>\r\n\r\n<\/div>\r\n<div class=\"treatments__card wow fadeInUp\" style=\"visibility: visible; animation-delay: 0.2s; animation-name: fadeInUp;\" data-wow-offset=\"100\" data-wow-delay=\".2s\">\r\n<h4 class=\"treatments__title\">Parodontologie<\/h4>\r\n&nbsp;\r\n\r\n<img decoding=\"async\" class=\"treatments__pic\" src=\"https:\/\/tcbrigantijn.nl\/wp-content\/themes\/tcbrigantijn\/assets\/img\/treatments\/4.png\" alt=\"img\" \/>\r\n<a class=\"treatments__text\" href=\"https:\/\/tcbrigantijn.nl\/de\/periodontology\">\r\nDer moderne Patient erwartet von der Zahnheilkunde, dass sie so weit fortgeschritten ist, um ein gut funktionierendes Gebiss mit so wenig wie m\u00f6glichen Behandlungen zu gew\u00e4hrleisten. Pr\u00e4vention und fr\u00fchzeitige Diagnostik stehen darum an erster Stelle.\r\n<\/a>\r\n<a class=\"know-more\" href=\"https:\/\/tcbrigantijn.nl\/de\/periodontology\">Mehr<\/a>\r\n\r\n<\/div>\r\n<div class=\"treatments__card wow fadeInUp\" style=\"visibility: visible; animation-delay: 0.4s; animation-name: fadeInUp;\" data-wow-offset=\"100\" data-wow-delay=\".4s\">\r\n<h4 class=\"treatments__title\">Kinderzahnheilkunde<\/h4>\r\n&nbsp;\r\n\r\n<img decoding=\"async\" class=\"treatments__pic\" src=\"https:\/\/tcbrigantijn.nl\/wp-content\/themes\/tcbrigantijn\/assets\/img\/treatments\/5.png\" alt=\"img\" \/>\r\n<a class=\"treatments__text\" href=\"https:\/\/tcbrigantijn.nl\/de\/dentistry-for-children\">\r\nIn unserer Praxis sind Kinder mehr als willkommen. Sie k\u00f6nnen jederzeit mitkommen zur Behandlung der Eltern, Bruder oder Schwestern. \r\n<\/a>\r\n<a class=\"know-more\" href=\"https:\/\/tcbrigantijn.nl\/de\/dentistry-for-children\">Mehr<\/a>\r\n\r\n<\/div>\r\n<div class=\"treatments__card wow fadeInUp\" style=\"visibility: visible; animation-delay: 0.6s; animation-name: fadeInUp;\" data-wow-offset=\"100\" data-wow-delay=\".6s\">\r\n<h4 class=\"treatments__title\">\u00e4sthetische Zahnheilkunde<\/h4>\r\n&nbsp;\r\n\r\n<img decoding=\"async\" class=\"treatments__pic\" src=\"https:\/\/tcbrigantijn.nl\/wp-content\/themes\/tcbrigantijn\/assets\/img\/treatments\/6.png\" alt=\"img\" \/>\r\n<a class=\"treatments__text\" href=\"https:\/\/tcbrigantijn.nl\/de\/esthetic-dentistry\">\r\n\u00e4sthetische Zahnheilkunde wird immer popul\u00e4rer in der heutigen modernen Welt. Mehr und mehr Menschen wollen ein perfektes Gebiss und wei\u00dfere Z\u00e4hne. Aber was ist eigentlich \u00e4sthetik? \r\n<\/a>\r\n<a class=\"know-more\" href=\"https:\/\/tcbrigantijn.nl\/de\/esthetic-dentistry\">Mehr<\/a>\r\n\r\n<\/div>\r\n<\/div>\r\n<\/div>\r\n<\/section>","protected":false},"excerpt":{"rendered":"&nbsp; Allgemeine Zahnheilkunde Bei TC Brigantijn sind sie f\u00fcr jedes Zahnproblem an der richtigen Adresse. \/ F\u00fcr Patienten \/ Behandlungen \/ Allgemeine Zahnheilkunde Wir bieten Zahnheilkunde up to date. F\u00fcr Prophylaxe, Mundhygiene, Parodontologie, F\u00fcllungen, Wurzelkanalbehandlungen, orale Chirurgie, Implantologie, \u00e4sthetische und kosmetische Zahnheilkunde, prothetische Versorgung oder Behandlung bei Zahnarztangst finden sie bei uns ein erfahrenes Team [&hellip;]","protected":false},"author":5,"featured_media":0,"parent":0,"menu_order":0,"comment_status":"closed","ping_status":"closed","template":"middle-page.php","meta":{"footnotes":""},"class_list":["post-98","page","type-page","status-publish","hentry"],"_links":{"self":[{"href":"https:\/\/tcbrigantijn.nl\/de\/wp-json\/wp\/v2\/pages\/98","targetHints":{"allow":["GET"]}}],"collection":[{"href":"https:\/\/tcbrigantijn.nl\/de\/wp-json\/wp\/v2\/pages"}],"about":[{"href":"https:\/\/tcbrigantijn.nl\/de\/wp-json\/wp\/v2\/types\/page"}],"author":[{"embeddable":true,"href":"https:\/\/tcbrigantijn.nl\/de\/wp-json\/wp\/v2\/users\/5"}],"replies":[{"embeddable":true,"href":"https:\/\/tcbrigantijn.nl\/de\/wp-json\/wp\/v2\/comments?post=98"}],"version-history":[{"count":2,"href":"https:\/\/tcbrigantijn.nl\/de\/wp-json\/wp\/v2\/pages\/98\/revisions"}],"predecessor-version":[{"id":1557,"href":"https:\/\/tcbrigantijn.nl\/de\/wp-json\/wp\/v2\/pages\/98\/revisions\/1557"}],"wp:attachment":[{"href":"https:\/\/tcbrigantijn.nl\/de\/wp-json\/wp\/v2\/media?parent=98"}],"curies":[{"name":"wp","href":"https:\/\/api.w.org\/{rel}","templated":true}]}}