{"id":882,"date":"2018-09-05T20:31:25","date_gmt":"2018-09-05T20:31:25","guid":{"rendered":"http:\/\/tcbrigantijn.nl\/?page_id=882"},"modified":"2019-02-05T23:06:56","modified_gmt":"2019-02-05T22:06:56","slug":"teeth-whitening","status":"publish","type":"page","link":"https:\/\/tcbrigantijn.nl\/de\/teeth-whitening\/","title":{"rendered":"Z\u00c3\u00a4hne bleichen"},"content":{"rendered":"&nbsp;\r\n<div class=\"main-pic main-pic_theme main-pic_teeth-whitening\">\r\n<div class=\"container container_border_bottom\">\r\n<h1 class=\"main-title double-string main-title_treatments\">Z\u00e4hne bleichen<\/h1>\r\n<p class=\"main-subtitle main-subtitle_treatments\">Z\u00e4hne bleichen (bleaching) wird stets popul\u00e4rer und ist nun auch bei uns, im Tandheelkundig Centrum Brigantijn, m\u00f6glich. Wir benutzen dabei die Ger\u00e4te und Materialien von Philips Zoom.<\/p>\r\n\r\n<div class=\"buttons-block lg-flex buttons-block_mobile\">\r\n            <button class=\"buttons-block__item buttons-block__item_enroll buttons-block__item_left-radius mobile-enroll\" type=\"button\">Termin machen<\/button>\r\n            <div class=\"appointment appointment__mobile\">\r\n\t\t<div class=\"appointment__row\">\r\n\t\t\t\n<div class=\"wpcf7 no-js\" id=\"wpcf7-f476-o5\" lang=\"en-US\" dir=\"ltr\" data-wpcf7-id=\"476\">\n<div class=\"screen-reader-response\"><p role=\"status\" aria-live=\"polite\" aria-atomic=\"true\"><\/p> <ul><\/ul><\/div>\n<form action=\"\/de\/wp-json\/wp\/v2\/pages\/882#wpcf7-f476-o5\" method=\"post\" class=\"wpcf7-form init appointment__form\" aria-label=\"Contact form\" novalidate=\"novalidate\" data-status=\"init\">\n<fieldset class=\"hidden-fields-container\"><input type=\"hidden\" name=\"_wpcf7\" value=\"476\" \/><input type=\"hidden\" name=\"_wpcf7_version\" value=\"6.1.5\" \/><input type=\"hidden\" name=\"_wpcf7_locale\" value=\"en_US\" \/><input type=\"hidden\" name=\"_wpcf7_unit_tag\" value=\"wpcf7-f476-o5\" \/><input type=\"hidden\" name=\"_wpcf7_container_post\" value=\"0\" \/><input type=\"hidden\" name=\"_wpcf7_posted_data_hash\" value=\"\" \/><input type=\"hidden\" name=\"_wpcf7_recaptcha_response\" value=\"\" \/>\n<\/fieldset>\n<div class=\"appointment__data\">\n        <span class=\"wpcf7-form-control-wrap\" data-name=\"your-name\"><input size=\"40\" maxlength=\"400\" class=\"wpcf7-form-control wpcf7-text wpcf7-validates-as-required\" aria-required=\"true\" aria-invalid=\"false\" placeholder=\"Ihre Name*\" value=\"\" type=\"text\" name=\"your-name\" \/><\/span>\n        <span class=\"wpcf7-form-control-wrap\" data-name=\"your-email\"><input size=\"40\" maxlength=\"400\" class=\"wpcf7-form-control wpcf7-email wpcf7-validates-as-required wpcf7-text wpcf7-validates-as-email\" aria-required=\"true\" aria-invalid=\"false\" placeholder=\"E-Mail-Addresse*\" value=\"\" type=\"email\" name=\"your-email\" \/><\/span>\n        <span class=\"wpcf7-form-control-wrap\" data-name=\"your-phone-number\"><input size=\"40\" maxlength=\"400\" class=\"wpcf7-form-control wpcf7-text wpcf7-validates-as-required\" aria-required=\"true\" aria-invalid=\"false\" placeholder=\"Telefonnummer*\" value=\"\" type=\"text\" name=\"your-phone-number\" \/><\/span>\n        <div class=\"calendar-wrapper\"><span class=\"wpcf7-form-control-wrap\" data-name=\"preffered-date\"><input size=\"40\" maxlength=\"400\" class=\"wpcf7-form-control wpcf7-text walcf7-datepicker\" aria-invalid=\"false\" placeholder=\"Gew\u00fcnschtes Datum\" value=\"\" type=\"text\" name=\"preffered-date\" \/><\/span> <\/div>\n\n<\/div>\n<div class=\"appointment__message\">\n        <span class=\"wpcf7-form-control-wrap\" data-name=\"how-can-we-help-you\"><textarea cols=\"40\" rows=\"5\" maxlength=\"2000\" class=\"wpcf7-form-control wpcf7-textarea\" aria-invalid=\"false\" placeholder=\"Wie k\u00c3\u00b6nnen wir Ihnen helfen?\" name=\"how-can-we-help-you\"><\/textarea><\/span>\n\n<\/div>\n\n<div class=\"appointment__btn\">\n        <input class=\"wpcf7-form-control wpcf7-submit has-spinner callback__submit\" type=\"submit\" value=\"Senden\" \/> \n\t<input class=\"callback__clear\" type=\"reset\" value=\"alles l\u00c3\u00b6schen\">\n<\/div><div class=\"wpcf7-response-output\" aria-hidden=\"true\"><\/div>\n<\/form>\n<\/div>\n\r\n\t\t<\/div>\r\n            <\/div>\r\n            <button class=\"buttons-block__item buttons-block__item_callback mobile-callback\" type=\"button\">R\u00fcckruf anfragen<\/button>\r\n            <div class=\"callback callback__mobile\">\r\n\t\t<div class=\"callback__row\">\r\n\t\t\t\n<div class=\"wpcf7 no-js\" id=\"wpcf7-f448-o6\" lang=\"en-US\" dir=\"ltr\" data-wpcf7-id=\"448\">\n<div class=\"screen-reader-response\"><p role=\"status\" aria-live=\"polite\" aria-atomic=\"true\"><\/p> <ul><\/ul><\/div>\n<form action=\"\/de\/wp-json\/wp\/v2\/pages\/882#wpcf7-f448-o6\" method=\"post\" class=\"wpcf7-form init callback__form\" aria-label=\"Contact form\" novalidate=\"novalidate\" data-status=\"init\">\n<fieldset class=\"hidden-fields-container\"><input type=\"hidden\" name=\"_wpcf7\" value=\"448\" \/><input type=\"hidden\" name=\"_wpcf7_version\" value=\"6.1.5\" \/><input type=\"hidden\" name=\"_wpcf7_locale\" value=\"en_US\" \/><input type=\"hidden\" name=\"_wpcf7_unit_tag\" value=\"wpcf7-f448-o6\" \/><input type=\"hidden\" name=\"_wpcf7_container_post\" value=\"0\" \/><input type=\"hidden\" name=\"_wpcf7_posted_data_hash\" value=\"\" \/><input type=\"hidden\" name=\"_wpcf7_recaptcha_response\" value=\"\" \/>\n<\/fieldset>\n<div class=\"callback__data\">\n        <span class=\"wpcf7-form-control-wrap\" data-name=\"your-name\"><input size=\"40\" maxlength=\"400\" class=\"wpcf7-form-control wpcf7-text wpcf7-validates-as-required\" aria-required=\"true\" aria-invalid=\"false\" placeholder=\"Ihre Name*\" value=\"\" type=\"text\" name=\"your-name\" \/><\/span>\n        <span class=\"wpcf7-form-control-wrap\" data-name=\"your-phone-number\"><input size=\"40\" maxlength=\"400\" class=\"wpcf7-form-control wpcf7-text wpcf7-validates-as-required\" aria-required=\"true\" aria-invalid=\"false\" placeholder=\"Telefonnummer*\" value=\"\" type=\"text\" name=\"your-phone-number\" \/><\/span>\n        \n\n<\/div>\n<div class=\"callback__message\">\n        <span class=\"wpcf7-form-control-wrap\" data-name=\"remark\"><textarea cols=\"40\" rows=\"2\" maxlength=\"2000\" class=\"wpcf7-form-control wpcf7-textarea\" aria-invalid=\"false\" placeholder=\"Bemerkung\" name=\"remark\"><\/textarea><\/span>\n<\/div>\n\n\n<div class=\"callback__btn\">\n        <input class=\"wpcf7-form-control wpcf7-submit has-spinner callback__submit\" type=\"submit\" value=\"Senden\" \/> \n\t<input class=\"callback__clear\" type=\"reset\" value=\"alles l\u00f6schen\">\n<\/div><div class=\"wpcf7-response-output\" aria-hidden=\"true\"><\/div>\n<\/form>\n<\/div>\n\r\n\t\t<\/div>\r\n            <\/div>\r\n            <a href=\"https:\/\/tcbrigantijn.nl\/emergency-appointment\" class=\"buttons-block__item buttons-block__item_emergency buttons-block__item_right-radius\">Notfalltermine<\/a>\r\n<\/div>\r\n<div class=\"buttons-block lg-none\"><button class=\"buttons-block__item buttons-block__item_enroll top-enroll\" type=\"button\">Termin machen<\/button>\r\n<button class=\"buttons-block__item buttons-block__item_callback top-callback\" type=\"button\">R\u00fcckruf anfragen<\/button>\r\n<a class=\"buttons-block__item buttons-block__item_emergency\" href=\"https:\/\/tcbrigantijn.nl\/emergency-appointment\" type=\"button\">Notfalltermine<\/a><\/div>\r\n<\/div>\r\n<\/div>\r\n<div class=\"forms\">\r\n<div class=\"appointment appointment__top\">\r\n<div class=\"wrapper\">\r\n<div class=\"appointment__row\">\n<div class=\"wpcf7 no-js\" id=\"wpcf7-f444-o7\" lang=\"en-US\" dir=\"ltr\" data-wpcf7-id=\"444\">\n<div class=\"screen-reader-response\"><p role=\"status\" aria-live=\"polite\" aria-atomic=\"true\"><\/p> <ul><\/ul><\/div>\n<form action=\"\/de\/wp-json\/wp\/v2\/pages\/882#wpcf7-f444-o7\" method=\"post\" class=\"wpcf7-form init appointment__form\" aria-label=\"Contact form\" novalidate=\"novalidate\" data-status=\"init\">\n<fieldset class=\"hidden-fields-container\"><input type=\"hidden\" name=\"_wpcf7\" value=\"444\" \/><input type=\"hidden\" name=\"_wpcf7_version\" value=\"6.1.5\" \/><input type=\"hidden\" name=\"_wpcf7_locale\" value=\"en_US\" \/><input type=\"hidden\" name=\"_wpcf7_unit_tag\" value=\"wpcf7-f444-o7\" \/><input type=\"hidden\" name=\"_wpcf7_container_post\" value=\"0\" \/><input type=\"hidden\" name=\"_wpcf7_posted_data_hash\" value=\"\" \/><input type=\"hidden\" name=\"_wpcf7_recaptcha_response\" value=\"\" \/>\n<\/fieldset>\n<div class=\"appointment__data\">\n        <span class=\"wpcf7-form-control-wrap\" data-name=\"your-name\"><input size=\"40\" maxlength=\"400\" class=\"wpcf7-form-control wpcf7-text wpcf7-validates-as-required\" aria-required=\"true\" aria-invalid=\"false\" placeholder=\"Ihre Name*\" value=\"\" type=\"text\" name=\"your-name\" \/><\/span>\n        <span class=\"wpcf7-form-control-wrap\" data-name=\"your-email\"><input size=\"40\" maxlength=\"400\" class=\"wpcf7-form-control wpcf7-email wpcf7-validates-as-required wpcf7-text wpcf7-validates-as-email\" aria-required=\"true\" aria-invalid=\"false\" placeholder=\"E-Mail-Addresse*\" value=\"\" type=\"email\" name=\"your-email\" \/><\/span>\n        <span class=\"wpcf7-form-control-wrap\" data-name=\"your-phone-number\"><input size=\"40\" maxlength=\"400\" class=\"wpcf7-form-control wpcf7-text wpcf7-validates-as-required\" aria-required=\"true\" aria-invalid=\"false\" placeholder=\"Telefonnummer*\" value=\"\" type=\"text\" name=\"your-phone-number\" \/><\/span>\n        <div class=\"calendar-wrapper\">\n              <span class=\"wpcf7-form-control-wrap\" data-name=\"preffered-date\"><input size=\"40\" maxlength=\"400\" class=\"wpcf7-form-control wpcf7-text walcf7-datepicker\" aria-invalid=\"false\" placeholder=\"Gew\u00fcnschtes Datum\" value=\"\" type=\"text\" name=\"preffered-date\" \/><\/span>\n        <\/div>\n\n<\/div>\n<div class=\"appointment__message\">\n        <span class=\"wpcf7-form-control-wrap\" data-name=\"how-can-we-help-you\"><textarea cols=\"40\" rows=\"5\" maxlength=\"2000\" class=\"wpcf7-form-control wpcf7-textarea\" aria-invalid=\"false\" placeholder=\"Wie k\u00f6nnen wir Ihnen helfen?\" name=\"how-can-we-help-you\"><\/textarea><\/span>\n\n<\/div>\n\n<div class=\"appointment__btn\">\n        <input class=\"wpcf7-form-control wpcf7-submit has-spinner callback__submit\" type=\"submit\" value=\"Senden\" \/> \n\t<input class=\"callback__clear\" type=\"reset\" value=\"alles l\u00f6schen\">\n<\/div><div class=\"wpcf7-response-output\" aria-hidden=\"true\"><\/div>\n<\/form>\n<\/div>\n<\/div>\r\n<\/div>\r\n<\/div>\r\n<div class=\"callback callback__top\">\r\n<div class=\"wrapper\">\r\n<div class=\"callback__row\">\n<div class=\"wpcf7 no-js\" id=\"wpcf7-f448-o8\" lang=\"en-US\" dir=\"ltr\" data-wpcf7-id=\"448\">\n<div class=\"screen-reader-response\"><p role=\"status\" aria-live=\"polite\" aria-atomic=\"true\"><\/p> <ul><\/ul><\/div>\n<form action=\"\/de\/wp-json\/wp\/v2\/pages\/882#wpcf7-f448-o8\" method=\"post\" class=\"wpcf7-form init callback__form\" aria-label=\"Contact form\" novalidate=\"novalidate\" data-status=\"init\">\n<fieldset class=\"hidden-fields-container\"><input type=\"hidden\" name=\"_wpcf7\" value=\"448\" \/><input type=\"hidden\" name=\"_wpcf7_version\" value=\"6.1.5\" \/><input type=\"hidden\" name=\"_wpcf7_locale\" value=\"en_US\" \/><input type=\"hidden\" name=\"_wpcf7_unit_tag\" value=\"wpcf7-f448-o8\" \/><input type=\"hidden\" name=\"_wpcf7_container_post\" value=\"0\" \/><input type=\"hidden\" name=\"_wpcf7_posted_data_hash\" value=\"\" \/><input type=\"hidden\" name=\"_wpcf7_recaptcha_response\" value=\"\" \/>\n<\/fieldset>\n<div class=\"callback__data\">\n        <span class=\"wpcf7-form-control-wrap\" data-name=\"your-name\"><input size=\"40\" maxlength=\"400\" class=\"wpcf7-form-control wpcf7-text wpcf7-validates-as-required\" aria-required=\"true\" aria-invalid=\"false\" placeholder=\"Ihre Name*\" value=\"\" type=\"text\" name=\"your-name\" \/><\/span>\n        <span class=\"wpcf7-form-control-wrap\" data-name=\"your-phone-number\"><input size=\"40\" maxlength=\"400\" class=\"wpcf7-form-control wpcf7-text wpcf7-validates-as-required\" aria-required=\"true\" aria-invalid=\"false\" placeholder=\"Telefonnummer*\" value=\"\" type=\"text\" name=\"your-phone-number\" \/><\/span>\n        \n\n<\/div>\n<div class=\"callback__message\">\n        <span class=\"wpcf7-form-control-wrap\" data-name=\"remark\"><textarea cols=\"40\" rows=\"2\" maxlength=\"2000\" class=\"wpcf7-form-control wpcf7-textarea\" aria-invalid=\"false\" placeholder=\"Bemerkung\" name=\"remark\"><\/textarea><\/span>\n<\/div>\n\n\n<div class=\"callback__btn\">\n        <input class=\"wpcf7-form-control wpcf7-submit has-spinner callback__submit\" type=\"submit\" value=\"Senden\" \/> \n\t<input class=\"callback__clear\" type=\"reset\" value=\"alles l\u00f6schen\">\n<\/div><div class=\"wpcf7-response-output\" aria-hidden=\"true\"><\/div>\n<\/form>\n<\/div>\n<\/div>\r\n<\/div>\r\n<\/div>\r\n<\/div>\r\n<div class=\"container\">\r\n<div class=\"breadcrumbs breadcrumbs_light_theme breadcrumbs_offset-top\">\r\n      <span class=\"active-bread\">\/ F\u00fcr Patienten \/ <\/span>\r\n      <a href=\"https:\/\/tcbrigantijn.nl\/general-dentistry\/\" class=\"breadcrumbs__link\">Behandlungen<\/a>\r\n      <span class=\"active-bread\"> \/ Z\u00e4hne bleichen<\/span><\/div>\r\n<\/div>\r\n<div class=\"container container_inner\">\r\n<div class=\"inner-text\">\r\n<h2 class=\"inner-text__title\">Philips Zoom!<\/h2>\r\n<ul>\r\n \t<li>Erf\u00fcllt alle EU-standards und ist dadurch absolut sicher in der Anwendung.<\/li>\r\n \t<li>Dies ist der professionelle, sichere und effektive Weg f\u00fcr ein gesundes \u00e2\u20ac\u017ewei\u00dfes\u00e2\u20ac\u0153 L\u00e4cheln. Das Geheimnis liegt in der Kombination von einer sehr kr\u00e4ftigen LED-Lampe und einem Gel auf Basis von unter anderem Wasserstoffperoxid.<\/li>\r\n \t<li>Des weiteren enth\u00e4lt das Gel ACP (amorphes Calciumphosphat) und Kaliumnitrat. Diese Stoffe sorgen f\u00fcr stark verminderte Sensibilit\u00e4t und verbessern gleichzeitig die Widerstandsf\u00e4higkeit des Zahnschmelzes.\r\nInnerhalb einer Behandlung von 90 Minuten k\u00f6nnen ihre Z\u00e4hne bis zu 6 Stufen wei\u00dfer werden.<\/li>\r\n<\/ul>\r\n<\/div>\r\n<div class=\"inner-text\">Das Endresultat ist nat\u00fcrlich von Patient zu Patient unterschiedlich und unter anderem abh\u00e4ngig von der Oberfl\u00e4chenbeschaffenheit des Zahnschmelzes.\r\nZu ber\u00fccksichtigen ist, dass vorhandene F\u00fcllungen, Kronen oder Br\u00fccken sich nicht aufhellen (bleichen) lassen. Diese m\u00fcssten dann nach der Behandlung ausgetauscht werden.\r\nWenn auch das Z\u00e4hne bleichen f\u00fcr jeden geeignet ist, wird bei uns immer erst ein Einf\u00fchrungsgespr\u00e4ch eingeplant. Dieses ist freibleibend und kostenlos.<\/div>\r\n<\/div>\r\n<section class=\"treatments treatments_offset-bottom treatments_offset-top\">\r\n<h3 class=\"section-title section-title_waves_theme wow fadeInDown\" style=\"visibility: visible; animation-name: fadeInDown;\" data-wow-offset=\"150\">Behandlungen<\/h3>\r\n<div class=\"wrapper-full\">\r\n<div class=\"treatments__row\">\r\n<div class=\"treatments__card wow fadeInUp\" style=\"visibility: visible; animation-delay: 0.2s; animation-name: fadeInUp;\" data-wow-offset=\"100\" data-wow-delay=\".2s\">\r\n<h4 class=\"treatments__title\">Allgemeine Zahnheilkunde<\/h4>\r\n&nbsp;\r\n\r\n<img decoding=\"async\" class=\"treatments__pic\" src=\"https:\/\/tcbrigantijn.nl\/wp-content\/themes\/tcbrigantijn\/assets\/img\/treatments\/1.png\" alt=\"img\" \/>\r\n<a class=\"treatments__text\" href=\"https:\/\/tcbrigantijn.nl\/de\/general-dentistry\">Bei TC Brigantijn sind sie f\u00fcr jedes Zahnproblem an der richtigen Adresse. Wir bieten Zahnheilkunde up to date. F\u00fcr Prophylaxe, Mundhygiene, Parodontologie, F\u00fcllungen, Wurzelkanalbehandlungen, orale Chirurgie, Implantologie, \u00e4sthetische und kosmetische Zahnheilkunde, prothetische Versorgung oder Behandlung bei Zahnarztangst finden sie bei uns ein erfahrenes Team von Zahn\u00e4rzten, Mundhygienisten, Assistenten und administrativen Mitarbeitern.<\/a>\r\n<a class=\"know-more\" href=\"https:\/\/tcbrigantijn.nl\/de\/general-dentistry\">Mehr<\/a>\r\n\r\n<\/div>\r\n<div class=\"treatments__card wow fadeInUp\" style=\"visibility: visible; animation-delay: 0.4s; animation-name: fadeInUp;\" data-wow-offset=\"100\" data-wow-delay=\".4s\">\r\n<h4 class=\"treatments__title\">Angstbehandlung<\/h4>\r\n&nbsp;\r\n\r\n<img decoding=\"async\" class=\"treatments__pic\" src=\"https:\/\/tcbrigantijn.nl\/wp-content\/themes\/tcbrigantijn\/assets\/img\/treatments\/2.png\" alt=\"img\" \/>\r\n<a class=\"treatments__text\" href=\"https:\/\/tcbrigantijn.nl\/de\/treatments-for-patients-with-fear\">Viele Menschen haben Angst um zum Zahnarzt zu gehen. Haben sie das auch, dann ist es gut zu wissen dass sie nicht der einzige sind. Verschieben sie deswegen nicht den Zahnarztbesuch auf spaeter. Wir finden es wichtig, dass sie sich bei uns wohl fuhlen und auch ueber ihre Angste sprechen.\r\n<\/a>\r\n<a class=\"know-more\" href=\"https:\/\/tcbrigantijn.nl\/de\/treatments-for-patients-with-fear\">Mehr<\/a>\r\n\r\n<\/div>\r\n<div class=\"treatments__card wow fadeInUp\" style=\"visibility: visible; animation-delay: 0.6s; animation-name: fadeInUp;\" data-wow-offset=\"100\" data-wow-delay=\".6s\">\r\n<h4 class=\"treatments__title\">Implantate, Kronen und Br\u00fccken<\/h4>\r\n<img decoding=\"async\" class=\"treatments__pic\" src=\"https:\/\/tcbrigantijn.nl\/wp-content\/themes\/tcbrigantijn\/assets\/img\/treatments\/3.png\" alt=\"img\" \/>\r\n<a class=\"treatments__text\" href=\"https:\/\/tcbrigantijn.nl\/de\/implants-crowns-and-bridges\">Implantate in der Zahnheilkunde haben die Natur als Vorbild. Sie k\u00f6nnen die Funktion eines nat\u00fcrlichen Elements vollst\u00e4ndig ersetzen. Ein Implantat ersetzt die nat\u00fcrliche Wurzel eines verloren gegangenen Zahnes. Der Knochen w\u00e4chst in der Regel um das Implantat herum und gibt ihm die n\u00f6tige Festigkeit. \r\n<\/a>\r\n<a class=\"know-more\" href=\"https:\/\/tcbrigantijn.nl\/de\/implants-crowns-and-bridges\">Mehr<\/a>\r\n\r\n<\/div>\r\n<div class=\"treatments__card wow fadeInUp\" style=\"visibility: visible; animation-delay: 0.2s; animation-name: fadeInUp;\" data-wow-offset=\"100\" data-wow-delay=\".2s\">\r\n<h4 class=\"treatments__title\">Parodontologie<\/h4>\r\n&nbsp;\r\n\r\n<img decoding=\"async\" class=\"treatments__pic\" src=\"https:\/\/tcbrigantijn.nl\/wp-content\/themes\/tcbrigantijn\/assets\/img\/treatments\/4.png\" alt=\"img\" \/>\r\n<a class=\"treatments__text\" href=\"https:\/\/tcbrigantijn.nl\/de\/periodontology\">\r\nDer moderne Patient erwartet von der Zahnheilkunde, dass sie so weit fortgeschritten ist, um ein gut funktionierendes Gebiss mit so wenig wie m\u00f6glichen Behandlungen zu gew\u00e4hrleisten. Pr\u00e4vention und fr\u00fchzeitige Diagnostik stehen darum an erster Stelle.\r\n<\/a>\r\n<a class=\"know-more\" href=\"https:\/\/tcbrigantijn.nl\/de\/periodontology\">Mehr<\/a>\r\n\r\n<\/div>\r\n<div class=\"treatments__card wow fadeInUp\" style=\"visibility: visible; animation-delay: 0.4s; animation-name: fadeInUp;\" data-wow-offset=\"100\" data-wow-delay=\".4s\">\r\n<h4 class=\"treatments__title\">Kinderzahnheilkunde<\/h4>\r\n&nbsp;\r\n\r\n<img decoding=\"async\" class=\"treatments__pic\" src=\"https:\/\/tcbrigantijn.nl\/wp-content\/themes\/tcbrigantijn\/assets\/img\/treatments\/5.png\" alt=\"img\" \/>\r\n<a class=\"treatments__text\" href=\"https:\/\/tcbrigantijn.nl\/de\/dentistry-for-children\">\r\nIn unserer Praxis sind Kinder mehr als willkommen. Sie k\u00f6nnen jederzeit mitkommen zur Behandlung der Eltern, Bruder oder Schwestern. \r\n<\/a>\r\n<a class=\"know-more\" href=\"https:\/\/tcbrigantijn.nl\/de\/dentistry-for-children\">Mehr<\/a>\r\n\r\n<\/div>\r\n<div class=\"treatments__card wow fadeInUp\" style=\"visibility: visible; animation-delay: 0.6s; animation-name: fadeInUp;\" data-wow-offset=\"100\" data-wow-delay=\".6s\">\r\n<h4 class=\"treatments__title\">\u00e4sthetische Zahnheilkunde<\/h4>\r\n&nbsp;\r\n\r\n<img decoding=\"async\" class=\"treatments__pic\" src=\"https:\/\/tcbrigantijn.nl\/wp-content\/themes\/tcbrigantijn\/assets\/img\/treatments\/6.png\" alt=\"img\" \/>\r\n<a class=\"treatments__text\" href=\"https:\/\/tcbrigantijn.nl\/de\/esthetic-dentistry\">\r\n\u00e4sthetische Zahnheilkunde wird immer popul\u00e4rer in der heutigen modernen Welt. Mehr und mehr Menschen wollen ein perfektes Gebiss und wei\u00dfere Z\u00e4hne. Aber was ist eigentlich \u00e4sthetik? \r\n<\/a>\r\n<a class=\"know-more\" href=\"https:\/\/tcbrigantijn.nl\/de\/esthetic-dentistry\">Mehr<\/a>\r\n\r\n<\/div>\r\n<\/div>\r\n<\/div>\r\n<\/section>","protected":false},"excerpt":{"rendered":"&nbsp; Z\u00e4hne bleichen Z\u00e4hne bleichen (bleaching) wird stets popul\u00e4rer und ist nun auch bei uns, im Tandheelkundig Centrum Brigantijn, m\u00f6glich. Wir benutzen dabei die Ger\u00e4te und Materialien von Philips Zoom. \/ F\u00fcr Patienten \/ Behandlungen \/ Z\u00e4hne bleichen Philips Zoom! Erf\u00fcllt alle EU-standards und ist dadurch absolut sicher in der Anwendung. Dies ist der professionelle, [&hellip;]","protected":false},"author":5,"featured_media":0,"parent":0,"menu_order":0,"comment_status":"closed","ping_status":"closed","template":"middle-page.php","meta":{"footnotes":""},"class_list":["post-882","page","type-page","status-publish","hentry"],"_links":{"self":[{"href":"https:\/\/tcbrigantijn.nl\/de\/wp-json\/wp\/v2\/pages\/882","targetHints":{"allow":["GET"]}}],"collection":[{"href":"https:\/\/tcbrigantijn.nl\/de\/wp-json\/wp\/v2\/pages"}],"about":[{"href":"https:\/\/tcbrigantijn.nl\/de\/wp-json\/wp\/v2\/types\/page"}],"author":[{"embeddable":true,"href":"https:\/\/tcbrigantijn.nl\/de\/wp-json\/wp\/v2\/users\/5"}],"replies":[{"embeddable":true,"href":"https:\/\/tcbrigantijn.nl\/de\/wp-json\/wp\/v2\/comments?post=882"}],"version-history":[{"count":0,"href":"https:\/\/tcbrigantijn.nl\/de\/wp-json\/wp\/v2\/pages\/882\/revisions"}],"wp:attachment":[{"href":"https:\/\/tcbrigantijn.nl\/de\/wp-json\/wp\/v2\/media?parent=882"}],"curies":[{"name":"wp","href":"https:\/\/api.w.org\/{rel}","templated":true}]}}