{"id":794,"date":"2018-08-22T21:17:47","date_gmt":"2018-08-22T21:17:47","guid":{"rendered":"http:\/\/tcbrigantijn.nl\/?page_id=794"},"modified":"2021-02-22T12:39:15","modified_gmt":"2021-02-22T11:39:15","slug":"success-of-tc-brigantijn","status":"publish","type":"page","link":"https:\/\/tcbrigantijn.nl\/de\/success-of-tc-brigantijn\/","title":{"rendered":"Erfolg von TC Brigantijn"},"content":{"rendered":"&nbsp;\r\n<div class=\"container\">\r\n<div class=\"breadcrumbs breadcrumbs_light_theme\">\r\n      <span class=\"active-bread\">\/ F\u00fcr Spezialisten \/ <\/span>\r\n      <span class=\"active-bread\">Erfolg von TC Brigantijn<\/span>\r\n<\/div>\r\n<\/div>\r\n<div class=\"container\">\r\n<div class=\"main-info main-info_border_theme\">\r\n<h1 class=\"main-title\">Erfolg von TC Brigantijn<\/h1>\r\n<p class=\"main-text\">TC Brigantijn ist ein gro\u00dfartiges Beispiel f\u00fcr ein unternehmerisches Projekt in den Niederlanden, Den Haag. In weniger als 4 Jahren zieht es rund 5 Tausend Patienten an, es w\u00e4chst weiterhin stark. Unseren Erfolg verdanken wir dem gro\u00dfartigen Team von Spezialisten, sorgf\u00e4ltiger finanzieller und operativer Planung, intelligenter interner Prozessabl\u00e4ufen.<\/p>\r\n<p class=\"main-text\">TC Brigantijn bietet Ihnen eine Reihe von besonderen Dienstleistungen, wenn Sie zum Beispiel planen ihre Praxis in den Niederlanden zu gr\u00fcnden oder eine bestehende Praxis kaufen oder \u00fcbernehmen wollen. Wenn Sie Zahnarzt, Allgemeinarzt, Tierarzt oder ein anderer Spezialist im medizinischen Bereich sind, und wenn Sie eine Idee haben, Ihr eigenes Projekt zu realisieren, wie auch immer z\u00f6gern sie nicht uns zu kontaktieren; wir reichen Ihnen unsere Hand zur Hilfe.<\/p>\r\n\r\n<div class=\"start\"><a class=\"start__btn\" href=\"https:\/\/tcbrigantijn.nl\/start-your-own-practice\">Starten mit der eigenen Praxis!<\/a><\/div>\r\n<\/div>\r\n<\/div>\r\n<section class=\"represent\">\r\n<div class=\"container\">\r\n<div class=\"represent__row\">\r\n<h3 class=\"represent__title\">Wer wir sind?<\/h3>\r\n<\/div>\r\n<div class=\"represent__row\">\r\n<div class=\"represent__item\">\r\n<div class=\"represent__item-pic\"><a class=\"represent__link\" href=\"#!\"> <img decoding=\"async\" class=\"represent__item-img\" src=\"https:\/\/tcbrigantijn.nl\/wp-content\/themes\/tcbrigantijn\/assets\/img\/represent\/pic_1.png\" alt=\"img\" \/><\/a><\/div>\r\n&nbsp;\r\n<h3 class=\"represent__item-title\">TC Brigantijn ist eine multidisziplin\u00e4re Zahnarztpraxis in Den Haag, Niederlande, unter der Leitung von Frank und Evgeniya Eickhoff.<\/h3>\r\n&nbsp;\r\n<p class=\"represent__item-text\">Nach langj\u00e4hriger Erfahrung in verschiedenen Zahnarztpraxen in Deutschland und in den Niederlanden hat Frank Eickhoff beschlossen seine eigene Zahnarztpraxis zu er\u00f6ffnen. Die Idee war geboren um eine multidisziplin\u00e4re Praxis mit verschieden spezialisierten Zahn\u00e4rzten zu realisieren. Evgeniya war verantwortlich f\u00fcr das Erstellen eines perfekten Businessplanes und den Verhandlungen f\u00fcr die Finanzierung mit der Van Lanschot Bank in s\u00e2\u20ac\u02dcHertogenbosch. Das Design und die Ausf\u00fchrung f\u00fcr den Bau der Praxis wurde ausgef\u00fchrt von Dental Air in Doordrecht.<\/p>\r\n\r\n<\/div>\r\n<div class=\"represent__item\">\r\n<div class=\"represent__item-pic\"><a class=\"represent__link\" href=\"#!\"> <img decoding=\"async\" class=\"represent__item-img\" src=\"https:\/\/tcbrigantijn.nl\/wp-content\/themes\/tcbrigantijn\/assets\/img\/represent\/pic_2.png\" \/><\/a><\/div>\r\n&nbsp;\r\n<h3 class=\"represent__item-title\">Die Praxis wurde im Mei 2014 er\u00f6ffnet.<\/h3>\r\n&nbsp;\r\n<p class=\"represent__item-text\">Es dauerte einen Monat bis die Bank Finanzierung gesichert war und weitere vier Monate f\u00fcr die Realisation des Praxisbaus. Am 1.Mei 2014 wurde die Praxis feierlich f\u00fcr die ersten Patienten er\u00f6ffnet.<\/p>\r\n\r\n<\/div>\r\n<div class=\"represent__item\">\r\n<div class=\"represent__item-pic\"><a class=\"represent__link\" href=\"#!\"> <img decoding=\"async\" class=\"represent__item-img\" src=\"https:\/\/tcbrigantijn.nl\/wp-content\/themes\/tcbrigantijn\/assets\/img\/represent\/pic_3.png\" \/><\/a><\/div>\r\n&nbsp;\r\n<h3 class=\"represent__item-title\">TC Brigantijn z\u00e4hlt inzwischen 12 Mitarbeiter inklusive 4 Zahn\u00e4rzte.<\/h3>\r\n&nbsp;\r\n<p class=\"represent__item-text\">Wir sind stolz auf unser Team. Zur Zeit besch\u00e4ftigen wir 4 Zahn\u00e4rzte mit unterschiedlichen Disziplinen wie zum Beispiel Implantologie, Endodontologie und Psychologie zur Behandlung von Angstpatienten, sowie 2 Mundhygienisten und Prophylaxeassistentinnen.<\/p>\r\n\r\n<\/div>\r\n<div class=\"represent__item\">\r\n<div class=\"represent__item-pic\"><a class=\"represent__link\" href=\"#!\"> <img decoding=\"async\" class=\"represent__item-img\" src=\"https:\/\/tcbrigantijn.nl\/wp-content\/themes\/tcbrigantijn\/assets\/img\/represent\/pic_4.png\" \/><\/a><\/div>\r\n&nbsp;\r\n<h3 class=\"represent__item-title\">TC Brigantijn hat\u00c2\u00a0 5000 aktive Patienten.<\/h3>\r\n&nbsp;\r\n<p class=\"represent__item-text\">Der Patienten Bestand w\u00e4chst t\u00e4glich. Wir sind gl\u00fccklich zu h\u00f6ren dass viele Patienten via Mund zu Mund Propaganda in unsere Praxis kommen. Viele Patienten empfehlen uns weiter. Um die steigende Anzahl Patienten zu bew\u00e4ltigen war es n\u00f6tig einen weiteren Behandlungsraum zu errichten. Die vierte Behandlungskammer wurde im Februar 2017 er\u00f6ffnet. Wir nehmen noch immer neue Patienten an und die Pl\u00e4ne zum Ausbau der Praxis liegen klar und warten zur Ausf\u00fchrung in K\u00fcrze.<\/p>\r\n\r\n<\/div>\r\n<\/div>\r\n<\/div>\r\n<div class=\"represent__cards\">\r\n<div class=\"container\">\r\n<div class=\"row\">\r\n<div class=\"represent__card\">\r\n<div class=\"represent__card-pic\"><img decoding=\"async\" class=\"represent__card-img\" src=\"https:\/\/tcbrigantijn.nl\/wp-content\/themes\/tcbrigantijn\/assets\/img\/represent\/frank.png\" alt=\"img\" \/><\/div>\r\n<div class=\"represent__card-info\">\r\n<h4 class=\"represent__card-name\">Frank Eickhoff<\/h4>\r\n<p class=\"represent__card-position\">Frank is TC Brigantijn\u00e2\u20ac&#x2122;s principal\r\ndentist. Frank has:<\/p>\r\n\r\n<ul class=\"represent__card-list\">\r\n \t<li>20+ years of experience in dentistry and dental techniques<\/li>\r\n \t<li>Diploma of Ernst Moritz Arndt University of Greifswald<\/li>\r\n \t<li>BIC registration: 5906398540<\/li>\r\n \t<li>Fluency in English, Dutch &amp; German<\/li>\r\n<\/ul>\r\n<\/div>\r\n<\/div>\r\n<div class=\"represent__card\">\r\n<div class=\"represent__card-pic\"><img decoding=\"async\" class=\"represent__card-img\" src=\"https:\/\/tcbrigantijn.nl\/wp-content\/themes\/tcbrigantijn\/assets\/img\/represent\/evgeniya.png\" alt=\"img\" \/><\/div>\r\n<div class=\"represent__card-info\">\r\n<h4 class=\"represent__card-name\">Evgeniya Eickhoff<\/h4>\r\n<p class=\"represent__card-position\">Evgeniya is the TC Brigantijn owner.\r\nEvgeniya has:<\/p>\r\n\r\n<ul class=\"represent__card-list\">\r\n \t<li>20+ years in finance &amp; accounting<\/li>\r\n \t<li>15+ years of experience with administration of legal entities in the Netherlands<\/li>\r\n \t<li>Public accountant certification ACCA (UK)<\/li>\r\n \t<li>MBA diploma of RSM, (Erasmus University, Rotterdam)<\/li>\r\n \t<li>Fluency in English, Dutch &amp; Russian<\/li>\r\n<\/ul>\r\n<\/div>\r\n<\/div>\r\n<\/div>\r\n<\/div>\r\n<\/div>\r\n<\/section><section class=\"achieved\">\r\n<div class=\"container container_border-theme\">\r\n<h3 class=\"achieved__title\">was wir erreicht haben?<\/h3>\r\n<div class=\"achieved__row\">\r\n<div class=\"achieved__item\">\r\n<div class=\"achieved__item-pic\"><img decoding=\"async\" class=\"achieved__item-img\" src=\"https:\/\/tcbrigantijn.nl\/wp-content\/themes\/tcbrigantijn\/assets\/img\/achievements\/1.png\" alt=\"img\" \/><\/div>\r\n&nbsp;\r\n<h4 class=\"achieved__item-title\">Stabiles Wachstum von 15% -20% per Jahr<\/h4>\r\n&nbsp;\r\n<p class=\"achieved__item-text\"><\/p>\r\n\r\n<\/div>\r\n<div class=\"achieved__item\">\r\n<div class=\"achieved__item-pic\"><img decoding=\"async\" class=\"achieved__item-img\" src=\"https:\/\/tcbrigantijn.nl\/wp-content\/themes\/tcbrigantijn\/assets\/img\/achievements\/2.png\" alt=\"img\" \/><\/div>\r\n&nbsp;\r\n<h4 class=\"achieved__item-title\">Aufstellen eines starken, professionellen Teams<\/h4>\r\n&nbsp;\r\n<p class=\"achieved__item-text\"><\/p>\r\n\r\n<\/div>\r\n<div class=\"achieved__item\">\r\n<div class=\"achieved__item-pic\"><img decoding=\"async\" class=\"achieved__item-img\" src=\"https:\/\/tcbrigantijn.nl\/wp-content\/themes\/tcbrigantijn\/assets\/img\/achievements\/3.png\" alt=\"img\" \/><\/div>\r\n&nbsp;\r\n<h4 class=\"achieved__item-title\">Gro\u00dfe Zufriedenheit bei den meisten Patienten<\/h4>\r\n&nbsp;\r\n<p class=\"achieved__item-text\"><\/p>\r\n\r\n<\/div>\r\n<div class=\"achieved__item\">\r\n<div class=\"achieved__item-pic\"><img decoding=\"async\" class=\"achieved__item-img\" src=\"https:\/\/tcbrigantijn.nl\/wp-content\/themes\/tcbrigantijn\/assets\/img\/achievements\/4.png\" alt=\"img\" \/><\/div>\r\n&nbsp;\r\n<h4 class=\"achieved__item-title\">Pl\u00e4ne zur Ausbreitung der Praxis<\/h4>\r\n&nbsp;\r\n<p class=\"achieved__item-text\"><\/p>\r\n\r\n<\/div>\r\n<\/div>\r\n<\/div>\r\n<\/section><section class=\"factors\">\r\n<div class=\"container\">\r\n<h3 class=\"factors__title\">unsere wichtigsten Erfolgsfaktoren<\/h3>\r\n<ul class=\"factors__list\">\r\n \t<li class=\"factors__list-item\">Ausf\u00fchrliches und genaues Gesch\u00e4ftsmodell<\/li>\r\n \t<li class=\"factors__list-item\">Sharp finanzielle und operative Planung<\/li>\r\n \t<li class=\"factors__list-item\">Kluge Standortwahl<\/li>\r\n \t<li class=\"factors__list-item\">Faire Verg\u00fctung f\u00fcr unser Team<\/li>\r\n \t<li class=\"factors__list-item\">Integrit\u00e4t und F\u00fcrsorge f\u00fcr unsere Patienten<\/li>\r\n<\/ul>\r\n<\/div>\r\n<\/section>\r\n<div class=\"start\">\r\n<div class=\"start__wrapper\"><a class=\"start__btn start__btn_bottom\" href=\"https:\/\/tcbrigantijn.nl\/start-your-own-practice\">Starten mit der eigenen Praxis!<\/a><\/div>\r\n<\/div>\r\n&nbsp;","protected":false},"excerpt":{"rendered":"&nbsp; \/ F\u00fcr Spezialisten \/ Erfolg von TC Brigantijn Erfolg von TC Brigantijn TC Brigantijn ist ein gro\u00dfartiges Beispiel f\u00fcr ein unternehmerisches Projekt in den Niederlanden, Den Haag. In weniger als 4 Jahren zieht es rund 5 Tausend Patienten an, es w\u00e4chst weiterhin stark. Unseren Erfolg verdanken wir dem gro\u00dfartigen Team von Spezialisten, sorgf\u00e4ltiger finanzieller [&hellip;]","protected":false},"author":5,"featured_media":0,"parent":0,"menu_order":0,"comment_status":"closed","ping_status":"closed","template":"main-menu-page.php","meta":{"footnotes":""},"class_list":["post-794","page","type-page","status-publish","hentry"],"_links":{"self":[{"href":"https:\/\/tcbrigantijn.nl\/de\/wp-json\/wp\/v2\/pages\/794","targetHints":{"allow":["GET"]}}],"collection":[{"href":"https:\/\/tcbrigantijn.nl\/de\/wp-json\/wp\/v2\/pages"}],"about":[{"href":"https:\/\/tcbrigantijn.nl\/de\/wp-json\/wp\/v2\/types\/page"}],"author":[{"embeddable":true,"href":"https:\/\/tcbrigantijn.nl\/de\/wp-json\/wp\/v2\/users\/5"}],"replies":[{"embeddable":true,"href":"https:\/\/tcbrigantijn.nl\/de\/wp-json\/wp\/v2\/comments?post=794"}],"version-history":[{"count":1,"href":"https:\/\/tcbrigantijn.nl\/de\/wp-json\/wp\/v2\/pages\/794\/revisions"}],"predecessor-version":[{"id":1380,"href":"https:\/\/tcbrigantijn.nl\/de\/wp-json\/wp\/v2\/pages\/794\/revisions\/1380"}],"wp:attachment":[{"href":"https:\/\/tcbrigantijn.nl\/de\/wp-json\/wp\/v2\/media?parent=794"}],"curies":[{"name":"wp","href":"https:\/\/api.w.org\/{rel}","templated":true}]}}