{"id":786,"date":"2018-08-21T21:48:49","date_gmt":"2018-08-21T21:48:49","guid":{"rendered":"http:\/\/tcbrigantijn.nl\/?page_id=786"},"modified":"2019-03-19T12:58:14","modified_gmt":"2019-03-19T11:58:14","slug":"start-your-own-practice","status":"publish","type":"page","link":"https:\/\/tcbrigantijn.nl\/de\/start-your-own-practice\/","title":{"rendered":"Starten mit der eigenen Praxis"},"content":{"rendered":"<main>\r\n   <div class=\"container\">\r\n      <div class=\"breadcrumbs breadcrumbs_light_theme\">\r\n      <span class=\"active-bread\">\/ F\u00fcr Spezialisten \/ <\/span>\r\n      <span class=\"active-bread\">Starten mit der eigenen Praxis<\/span>\r\n\r\n      <\/div>\r\n   <\/div>\r\n   <div class=\"container\">\r\n      <div class=\"main-info main-info_border_theme\">\r\n         <h1 class=\"main-title\">Starten mit der eigenen Praxis<\/h1>\r\n         <p class=\"main-text\">Sind Sie Zahnarzt oder ein anderer Facharzt? M\u00f6chten Sie eine eigene Praxis er\u00f6ffnen, wissen aber nicht sicher wie? Haben Sie spezielle Fragen, wie zum Beispiel:<\/p>\r\n         <p class=\"main-text\">Wie mache ich einen Business Plan?<\/p>\r\n         <p class=\"main-text\">Wie finde ich die richtige Bank?<\/p>\r\n         <p class=\"main-text\">Wie mache ich eine erfolgreiche online Pr\u00e4sentation?<\/p>\r\n         <p class=\"main-text\">Haben Sie andere Fragen?<\/p>\r\n         <div class=\"buttons-block lg-flex buttons-block_mobile\">\r\n            <button class=\"buttons-block__item buttons-block__item_enroll buttons-block__item_left-radius mobile-enroll\" type=\"button\">Kontakt aufnemen<\/button>\r\n            <div class=\"appointment appointment__mobile\">\r\n               <div class=\"appointment__row\"><p class=\"wpcf7-contact-form-not-found\"><strong>Fehler:<\/strong> Kontaktformular wurde nicht gefunden.<\/p><\/div>\r\n            <\/div>\r\n            <button class=\"buttons-block__item buttons-block__item_callback mobile-callback\" type=\"button\">R\u00fcckruf anfragen<\/button>\r\n            <div class=\"callback callback__mobile\">\r\n               <div class=\"callback__row\">\n<div class=\"wpcf7 no-js\" id=\"wpcf7-f1124-o5\" lang=\"en-US\" dir=\"ltr\" data-wpcf7-id=\"1124\">\n<div class=\"screen-reader-response\"><p role=\"status\" aria-live=\"polite\" aria-atomic=\"true\"><\/p> <ul><\/ul><\/div>\n<form action=\"\/de\/wp-json\/wp\/v2\/pages\/786#wpcf7-f1124-o5\" method=\"post\" class=\"wpcf7-form init callback__form\" aria-label=\"Contact form\" novalidate=\"novalidate\" data-status=\"init\">\n<fieldset class=\"hidden-fields-container\"><input type=\"hidden\" name=\"_wpcf7\" value=\"1124\" \/><input type=\"hidden\" name=\"_wpcf7_version\" value=\"6.1.5\" \/><input type=\"hidden\" name=\"_wpcf7_locale\" value=\"en_US\" \/><input type=\"hidden\" name=\"_wpcf7_unit_tag\" value=\"wpcf7-f1124-o5\" \/><input type=\"hidden\" name=\"_wpcf7_container_post\" value=\"0\" \/><input type=\"hidden\" name=\"_wpcf7_posted_data_hash\" value=\"\" \/><input type=\"hidden\" name=\"_wpcf7_recaptcha_response\" value=\"\" \/>\n<\/fieldset>\n<div class=\"callback__data\">\n        <span class=\"wpcf7-form-control-wrap\" data-name=\"your-name\"><input size=\"40\" maxlength=\"400\" class=\"wpcf7-form-control wpcf7-text wpcf7-validates-as-required\" aria-required=\"true\" aria-invalid=\"false\" placeholder=\"Ihre Name*\" value=\"\" type=\"text\" name=\"your-name\" \/><\/span>\n        <span class=\"wpcf7-form-control-wrap\" data-name=\"your-phone-number\"><input size=\"40\" maxlength=\"400\" class=\"wpcf7-form-control wpcf7-text wpcf7-validates-as-required\" aria-required=\"true\" aria-invalid=\"false\" placeholder=\"Telefonnummer*\" value=\"\" type=\"text\" name=\"your-phone-number\" \/><\/span>\n        \n\n<\/div>\n<div class=\"callback__message\">\n        <span class=\"wpcf7-form-control-wrap\" data-name=\"remark\"><textarea cols=\"40\" rows=\"2\" maxlength=\"2000\" class=\"wpcf7-form-control wpcf7-textarea\" aria-invalid=\"false\" placeholder=\"Bemerkung\" name=\"remark\"><\/textarea><\/span>\n<\/div>\n\n\n<div class=\"callback__btn\">\n        <input class=\"wpcf7-form-control wpcf7-submit has-spinner callback__submit\" type=\"submit\" value=\"Senden\" \/> \n\t<input class=\"callback__clear\" type=\"reset\" value=\"alles l\u00c3\u00b6schen\">\n<\/div><div class=\"wpcf7-response-output\" aria-hidden=\"true\"><\/div>\n<\/form>\n<\/div>\n<\/div>\r\n            <\/div>\r\n            <a href=\"https:\/\/tcbrigantijn.nl\/success-of-tc-brigantijn\" class=\"buttons-block__item buttons-block__item_start_btn\">Erfahren Sie mehr \u00fcber den Erfolg von TC Brigantijn!<\/a>\r\n         <\/div>\r\n         <div class=\"buttons-block lg-none\">\r\n            <button class=\"buttons-block__item buttons-block__item_enroll top-enroll\" type=\"button\">Kontakt aufnemen<\/button>\r\n            <button class=\"buttons-block__item buttons-block__item_callback top-callback\" type=\"button\">R\u00fcckruf anfragen<\/button>\r\n            <a href=\"https:\/\/tcbrigantijn.nl\/success-of-tc-brigantijn\" class=\"buttons-block__item buttons-block__item_start_btn\">Erfahren Sie mehr \u00fcber den Erfolg von TC Brigantijn!<\/a>\r\n         <\/div>\r\n      <\/div>\r\n   <\/div>\r\n   <div class=\"forms\">\r\n      <div class=\"appointment appointment__top\">\r\n         <div class=\"wrapper\">\r\n            <div class=\"appointment__row\"><p class=\"wpcf7-contact-form-not-found\"><strong>Fehler:<\/strong> Kontaktformular wurde nicht gefunden.<\/p><\/div>\r\n         <\/div>\r\n      <\/div>\r\n      <div class=\"callback callback__top\">\r\n         <div class=\"wrapper\">\r\n            <div class=\"callback__row\">\n<div class=\"wpcf7 no-js\" id=\"wpcf7-f1124-o6\" lang=\"en-US\" dir=\"ltr\" data-wpcf7-id=\"1124\">\n<div class=\"screen-reader-response\"><p role=\"status\" aria-live=\"polite\" aria-atomic=\"true\"><\/p> <ul><\/ul><\/div>\n<form action=\"\/de\/wp-json\/wp\/v2\/pages\/786#wpcf7-f1124-o6\" method=\"post\" class=\"wpcf7-form init callback__form\" aria-label=\"Contact form\" novalidate=\"novalidate\" data-status=\"init\">\n<fieldset class=\"hidden-fields-container\"><input type=\"hidden\" name=\"_wpcf7\" value=\"1124\" \/><input type=\"hidden\" name=\"_wpcf7_version\" value=\"6.1.5\" \/><input type=\"hidden\" name=\"_wpcf7_locale\" value=\"en_US\" \/><input type=\"hidden\" name=\"_wpcf7_unit_tag\" value=\"wpcf7-f1124-o6\" \/><input type=\"hidden\" name=\"_wpcf7_container_post\" value=\"0\" \/><input type=\"hidden\" name=\"_wpcf7_posted_data_hash\" value=\"\" \/><input type=\"hidden\" name=\"_wpcf7_recaptcha_response\" value=\"\" \/>\n<\/fieldset>\n<div class=\"callback__data\">\n        <span class=\"wpcf7-form-control-wrap\" data-name=\"your-name\"><input size=\"40\" maxlength=\"400\" class=\"wpcf7-form-control wpcf7-text wpcf7-validates-as-required\" aria-required=\"true\" aria-invalid=\"false\" placeholder=\"Ihre Name*\" value=\"\" type=\"text\" name=\"your-name\" \/><\/span>\n        <span class=\"wpcf7-form-control-wrap\" data-name=\"your-phone-number\"><input size=\"40\" maxlength=\"400\" class=\"wpcf7-form-control wpcf7-text wpcf7-validates-as-required\" aria-required=\"true\" aria-invalid=\"false\" placeholder=\"Telefonnummer*\" value=\"\" type=\"text\" name=\"your-phone-number\" \/><\/span>\n        \n\n<\/div>\n<div class=\"callback__message\">\n        <span class=\"wpcf7-form-control-wrap\" data-name=\"remark\"><textarea cols=\"40\" rows=\"2\" maxlength=\"2000\" class=\"wpcf7-form-control wpcf7-textarea\" aria-invalid=\"false\" placeholder=\"Bemerkung\" name=\"remark\"><\/textarea><\/span>\n<\/div>\n\n\n<div class=\"callback__btn\">\n        <input class=\"wpcf7-form-control wpcf7-submit has-spinner callback__submit\" type=\"submit\" value=\"Senden\" \/> \n\t<input class=\"callback__clear\" type=\"reset\" value=\"alles l\u00c3\u00b6schen\">\n<\/div><div class=\"wpcf7-response-output\" aria-hidden=\"true\"><\/div>\n<\/form>\n<\/div>\n<\/div>\r\n         <\/div>\r\n      <\/div>\r\n   <\/div>\r\n   <section class=\"offer\">\r\n      <div class=\"container container_border-theme\">\r\n         <h3 class=\"offer__title\">\r\n            Was bieten wir an?\r\n         <\/h3>\r\n         <p class=\"offer__subtitle\">\r\n            Wir bieten ganzheitliche L\u00f6sungen f\u00fcr Zahn\u00e4rzte und andere Fach\u00e4rzte f\u00fcr:\r\n         <\/p>\r\n         <div class=\"offer__row\">\r\n            <div class=\"offer__item\">\r\n               <div class=\"offer__item-pic\">\r\n                  <img decoding=\"async\" src=\"https:\/\/tcbrigantijn.nl\/wp-content\/themes\/tcbrigantijn\/assets\/img\/offer\/1.png\" alt=\"img\" class=\"offer__item-img\">\r\n               <\/div>\r\n               <h4 class=\"offer__item-title\">Starten mit der eigenen Praxis<\/h4>\r\n               <p class=\"offer__item-text\">\r\n                  entweder beim Etablieren des neuen Unternehmens oder beim Erreichen eines erfolgreichen Unternehmens ist eine grosse Herausforderung. Beide Wege haben Vor- und Nachteile, abh\u00e4nglich von der individuellen Situation.\r\n               <\/p>\r\n               <p class=\"offer__item-text\">\r\n                  Wir w\u00fcrden uns freuen, ihnen bei der richtigen Wahl zu helfen, was ihre finanzielle Position und Erwartungen f\u00fcr die Zukunft betrifft.\r\n               <\/p>\r\n            <\/div>\r\n            <div class=\"offer__item\">\r\n               <div class=\"offer__item-pic\">\r\n                  <img decoding=\"async\" src=\"https:\/\/tcbrigantijn.nl\/wp-content\/themes\/tcbrigantijn\/assets\/img\/offer\/2.png\" alt=\"img\" class=\"offer__item-img\">\r\n               <\/div>\r\n               <h4 class=\"offer__item-title\">Entwickeln eines effektiven Business Models<\/h4>\r\n               <p class=\"offer__item-text\">\r\n                  \u00e2\u20ac\u00a6 ist ein kritischer und wichtiger Teil des Erfolgs. Dieses beinhaltet eine akkurate Vorausberechnung des zuk\u00fcnftigen Einkommens, der Ausgaben und dem Cash Flow. Das Business Model hilft bei der gezielten Berechnung des Startkapitals und der Aufteilung zwischen Eigenkapital und Fremdfinanzierung durch dritte Parteien.\r\n               <\/p>\r\n            <\/div>\r\n            <div class=\"offer__item\">\r\n               <div class=\"offer__item-pic\">\r\n                  <img decoding=\"async\" src=\"https:\/\/tcbrigantijn.nl\/wp-content\/themes\/tcbrigantijn\/assets\/img\/offer\/3.png\" alt=\"img\" class=\"offer__item-img\">\r\n               <\/div>\r\n               <h4 class=\"offer__item-title\">Finanzielle und operationelle Planung<\/h4>\r\n               <p class=\"offer__item-text\">\r\n                  Um langfristige Erfolge mit der Praxis zu erzielen, m\u00f6chten wir gerne unsere Erfahrungen und Ansichten mit ihnen teilen. Operationelle und finanzielle Planung sind miteinander verbunden.\r\n               <\/p>\r\n               <p class=\"offer__item-text\">\r\n                  Wir helfen ihnen beim Entwickeln sensibler Analysen, sodass schnell deutlich wird wie eine praktische Planung direkten Effekt auf die finanzielle Position aus\u00fcbt. \r\n               <\/p>\r\n            <\/div>\r\n            <div class=\"offer__item\">\r\n               <div class=\"offer__item-pic\">\r\n                  <img decoding=\"async\" src=\"https:\/\/tcbrigantijn.nl\/wp-content\/themes\/tcbrigantijn\/assets\/img\/offer\/4.png\" alt=\"img\" class=\"offer__item-img\">\r\n               <\/div>\r\n               <h4 class=\"offer__item-title\">Coaching von Zahnarztassistentinnen<\/h4>\r\n               <p class=\"offer__item-text\">\r\n                  Our assistants team is highly skillful and has hands on approach.\r\n               <\/p>\r\n               <p class=\"offer__item-text\">\r\n                  Unsere Assistentinnen sind gut ausgebildet und geschult um ihnen zu helfen. Wir organisieren Trainings und Coachings f\u00fcr ihre Mitarbeiter damit der Praxisalltag kein Hindernis wird. Pers\u00f6nliche W\u00fcnsche werden dabei nat\u00fcrlich ber\u00fccksichtigt und f\u00fcr Sie auf Ma\u00df geschneidert.\r\n               <\/p>\r\n            <\/div>\r\n            <div class=\"offer__item\">\r\n               <div class=\"offer__item-pic\">\r\n                  <img decoding=\"async\" src=\"https:\/\/tcbrigantijn.nl\/wp-content\/themes\/tcbrigantijn\/assets\/img\/offer\/5.png\" alt=\"img\" class=\"offer__item-img\">\r\n               <\/div>\r\n               <h4 class=\"offer__item-title\">Praxispr\u00e4sentation und Reklame Kampagnen<\/h4>\r\n               <p class=\"offer__item-text\">\r\n                  Wir teilen mit ihnen unsere Erfahrungen f\u00fcr Marketing Kampagnen weil wir wissen wie wichtig dies f\u00fcr den Erfolg ihrer Praxis ist.\r\n               <\/p>\r\n            <\/div>\r\n            <div class=\"offer__item\">\r\n               <div class=\"offer__item-pic\">\r\n                  <img decoding=\"async\" src=\"https:\/\/tcbrigantijn.nl\/wp-content\/themes\/tcbrigantijn\/assets\/img\/offer\/6.png\" alt=\"img\" class=\"offer__item-img\">\r\n               <\/div>\r\n               <h4 class=\"offer__item-title\">Kontakte legen und verhandeln mit Finanzpartnern<\/h4>\r\n               <p class=\"offer__item-text\">\r\n                  Wir verf\u00fcgen \u00fcber ein Netzwerk gute Kontakte mit verschiedenen niederl\u00e4ndischen Finanzunternehmen. Wir wissen wie Sie arbeiten und unter welchen Voraussetzungen sie Unternehmen finanzieren. Wir besprechen ihre pers\u00f6nliche Situation mit den Finanzgebern und helfen ihnen beim Erreichen einer guten finanziellen L\u00f6sung f\u00fcr beide Seiten.\r\n               <\/p>\r\n            <\/div>\r\n         <\/div>\r\n      <\/div>\r\n   <\/section>\r\n   <section class=\"collaboration\">\r\n      <div class=\"container\">\r\n         <h3 class=\"collaboration__title\">Was sind die Hauptpunkte f\u00fcr eine Zusammenarbeit?<\/h3>\r\n         <div class=\"collaboration__paragraph\">\r\n            <h2 class=\"collaboration__text-title\">Wir bieten einzigartige Dienstleistungen an, die auf dem nachgewiesenen und tats\u00e4chlichen Erfolg unseres eigenen Projektes basieren<\/h2>\r\n            <p class=\"collaboration__text\">Wir bieten einen einzigartigen Service der aufgebaut ist auf unsere eigenen erfolgreichen Erfahrungen beim Starten einer eigenen Praxis. Wir bieten umfassenden Service f\u00fcr alle medizinischen Fachbereiche, der einzigartig ist in den Niederlanden oder gar in Europa.<\/p>\r\n         <\/div>\r\n         <div class=\"collaboration__paragraph\">\r\n            <h2 class=\"collaboration__text-title\">Wir teilen mit ihnen unser Wissen, unsere Erfahrung im Risikomanagement um ihnen eine gro\u00dfe Chance zu bieten zum Erreichen des eigenen Erfolgs.<\/h2>\r\n            <p class=\"collaboration__text\">Wissen, Erfahrung und Risikomanagement sind die Schl\u00fcsselfaktoren der Zusammenarbeit. Wir werden Schulter an Schulter mit ihnen zusammenarbeiten um ihren Erfolg zu erzielen. Wir streben nach v\u00f6lliger Zufriedenheit unserer Partner.\r\n            <\/p>\r\n         <\/div>\r\n         <div class=\"collaboration__paragraph\">\r\n            <h2 class=\"collaboration__text-title\">Unsere Zusammenarbeit ist aufgebaut aus Vertrauen, Integrit\u00e4t und Transparenz.<\/h2>\r\n            <p class=\"collaboration__text\">\r\n               Unsere Dienste sind auf fairen und einfachen Prinzipien aufgebaut. Wir arbeiten transparent und erwarten dies auch von unseren Kunden.  Wir m\u00f6chten gerne erfolgreiche Kunden und wir glauben, dass eine professionelle Herangehensweise von Beginn an \u00e4u\u00dferst wichtig ist.\r\n            <\/p>\r\n            <p class=\"collaboration__text\">\r\n               Hinsichtlich der Kosten hantieren wir das \u00e2\u20ac\u017eno cure no pay\u00e2\u20ac\u0153 Prinzip. Bitte fragen Sie uns um mehr \u00fcber unsere Dienste und unseren Service zu erfahren.\r\n            <\/p>\r\n         <\/div>\r\n      <\/div>\r\n   <\/section>\r\n   <div class=\"buttons-block lg-block\">\r\n      <button class=\"buttons-block__item buttons-block__item_enroll buttons-block__item_left-radius footer-enroll\" type=\"button\">Kontakt aufnemen<\/button>\r\n      <div class=\"appointment appointment__footer\">\r\n         <div class=\"appointment__row\">\r\n            <p class=\"wpcf7-contact-form-not-found\"><strong>Fehler:<\/strong> Kontaktformular wurde nicht gefunden.<\/p>\r\n         <\/div>\r\n      <\/div>\r\n      <button class=\"buttons-block__item buttons-block__item_callback footer-callback\" type=\"button\">R\u00fcckruf anfragen<\/button>\r\n      <div class=\"callback callback__footer\">\r\n         <div class=\"callback__row\">\r\n            \n<div class=\"wpcf7 no-js\" id=\"wpcf7-f1124-o7\" lang=\"en-US\" dir=\"ltr\" data-wpcf7-id=\"1124\">\n<div class=\"screen-reader-response\"><p role=\"status\" aria-live=\"polite\" aria-atomic=\"true\"><\/p> <ul><\/ul><\/div>\n<form action=\"\/de\/wp-json\/wp\/v2\/pages\/786#wpcf7-f1124-o7\" method=\"post\" class=\"wpcf7-form init callback__form\" aria-label=\"Contact form\" novalidate=\"novalidate\" data-status=\"init\">\n<fieldset class=\"hidden-fields-container\"><input type=\"hidden\" name=\"_wpcf7\" value=\"1124\" \/><input type=\"hidden\" name=\"_wpcf7_version\" value=\"6.1.5\" \/><input type=\"hidden\" name=\"_wpcf7_locale\" value=\"en_US\" \/><input type=\"hidden\" name=\"_wpcf7_unit_tag\" value=\"wpcf7-f1124-o7\" \/><input type=\"hidden\" name=\"_wpcf7_container_post\" value=\"0\" \/><input type=\"hidden\" name=\"_wpcf7_posted_data_hash\" value=\"\" \/><input type=\"hidden\" name=\"_wpcf7_recaptcha_response\" value=\"\" \/>\n<\/fieldset>\n<div class=\"callback__data\">\n        <span class=\"wpcf7-form-control-wrap\" data-name=\"your-name\"><input size=\"40\" maxlength=\"400\" class=\"wpcf7-form-control wpcf7-text wpcf7-validates-as-required\" aria-required=\"true\" aria-invalid=\"false\" placeholder=\"Ihre Name*\" value=\"\" type=\"text\" name=\"your-name\" \/><\/span>\n        <span class=\"wpcf7-form-control-wrap\" data-name=\"your-phone-number\"><input size=\"40\" maxlength=\"400\" class=\"wpcf7-form-control wpcf7-text wpcf7-validates-as-required\" aria-required=\"true\" aria-invalid=\"false\" placeholder=\"Telefonnummer*\" value=\"\" type=\"text\" name=\"your-phone-number\" \/><\/span>\n        \n\n<\/div>\n<div class=\"callback__message\">\n        <span class=\"wpcf7-form-control-wrap\" data-name=\"remark\"><textarea cols=\"40\" rows=\"2\" maxlength=\"2000\" class=\"wpcf7-form-control wpcf7-textarea\" aria-invalid=\"false\" placeholder=\"Bemerkung\" name=\"remark\"><\/textarea><\/span>\n<\/div>\n\n\n<div class=\"callback__btn\">\n        <input class=\"wpcf7-form-control wpcf7-submit has-spinner callback__submit\" type=\"submit\" value=\"Senden\" \/> \n\t<input class=\"callback__clear\" type=\"reset\" value=\"alles l\u00c3\u00b6schen\">\n<\/div><div class=\"wpcf7-response-output\" aria-hidden=\"true\"><\/div>\n<\/form>\n<\/div>\n\r\n         <\/div>\r\n      <\/div>\r\n      <a href=\"https:\/\/tcbrigantijn.nl\/success-of-tc-brigantijn\" class=\"buttons-block__item buttons-block__item_start_btn buttons-block__item_bottom_space\">Erfahren Sie mehr \u00fcber den Erfolg von TC Brigantijn!<\/a>\r\n   <\/div>\r\n   <div class=\"start__wrapper\">\r\n      <div class=\"forms\">\r\n         <div class=\"appointment appointment__bottom\">\r\n            <div class=\"wrapper\">\r\n               <div class=\"appointment__row\">\r\n                  <p class=\"wpcf7-contact-form-not-found\"><strong>Fehler:<\/strong> Kontaktformular wurde nicht gefunden.<\/p>\r\n               <\/div>\r\n            <\/div>\r\n         <\/div>\r\n         <div class=\"callback callback__bottom\">\r\n            <div class=\"wrapper\">\r\n               <div class=\"callback__row\">\r\n                  \n<div class=\"wpcf7 no-js\" id=\"wpcf7-f1124-o8\" lang=\"en-US\" dir=\"ltr\" data-wpcf7-id=\"1124\">\n<div class=\"screen-reader-response\"><p role=\"status\" aria-live=\"polite\" aria-atomic=\"true\"><\/p> <ul><\/ul><\/div>\n<form action=\"\/de\/wp-json\/wp\/v2\/pages\/786#wpcf7-f1124-o8\" method=\"post\" class=\"wpcf7-form init callback__form\" aria-label=\"Contact form\" novalidate=\"novalidate\" data-status=\"init\">\n<fieldset class=\"hidden-fields-container\"><input type=\"hidden\" name=\"_wpcf7\" value=\"1124\" \/><input type=\"hidden\" name=\"_wpcf7_version\" value=\"6.1.5\" \/><input type=\"hidden\" name=\"_wpcf7_locale\" value=\"en_US\" \/><input type=\"hidden\" name=\"_wpcf7_unit_tag\" value=\"wpcf7-f1124-o8\" \/><input type=\"hidden\" name=\"_wpcf7_container_post\" value=\"0\" \/><input type=\"hidden\" name=\"_wpcf7_posted_data_hash\" value=\"\" \/><input type=\"hidden\" name=\"_wpcf7_recaptcha_response\" value=\"\" \/>\n<\/fieldset>\n<div class=\"callback__data\">\n        <span class=\"wpcf7-form-control-wrap\" data-name=\"your-name\"><input size=\"40\" maxlength=\"400\" class=\"wpcf7-form-control wpcf7-text wpcf7-validates-as-required\" aria-required=\"true\" aria-invalid=\"false\" placeholder=\"Ihre Name*\" value=\"\" type=\"text\" name=\"your-name\" \/><\/span>\n        <span class=\"wpcf7-form-control-wrap\" data-name=\"your-phone-number\"><input size=\"40\" maxlength=\"400\" class=\"wpcf7-form-control wpcf7-text wpcf7-validates-as-required\" aria-required=\"true\" aria-invalid=\"false\" placeholder=\"Telefonnummer*\" value=\"\" type=\"text\" name=\"your-phone-number\" \/><\/span>\n        \n\n<\/div>\n<div class=\"callback__message\">\n        <span class=\"wpcf7-form-control-wrap\" data-name=\"remark\"><textarea cols=\"40\" rows=\"2\" maxlength=\"2000\" class=\"wpcf7-form-control wpcf7-textarea\" aria-invalid=\"false\" placeholder=\"Bemerkung\" name=\"remark\"><\/textarea><\/span>\n<\/div>\n\n\n<div class=\"callback__btn\">\n        <input class=\"wpcf7-form-control wpcf7-submit has-spinner callback__submit\" type=\"submit\" value=\"Senden\" \/> \n\t<input class=\"callback__clear\" type=\"reset\" value=\"alles l\u00c3\u00b6schen\">\n<\/div><div class=\"wpcf7-response-output\" aria-hidden=\"true\"><\/div>\n<\/form>\n<\/div>\n\r\n               <\/div>\r\n            <\/div>\r\n         <\/div>\r\n      <\/div>\r\n      <div class=\"buttons-block lg-none\">\r\n         <button class=\"buttons-block__item buttons-block__item_enroll buttons-block__item_left-radius bottom-enroll buttons-block__item_bottom_space\" type=\"button\">Kontakt aufnemen<\/button>\r\n         <button class=\"buttons-block__item buttons-block__item_callback bottom-callback buttons-block__item_bottom_space\" type=\"button\">R\u00fcckruf anfragen<\/button>\r\n         <a href=\"https:\/\/tcbrigantijn.nl\/success-of-tc-brigantijn\" class=\"buttons-block__item buttons-block__item_start_btn buttons-block__item_right-radius buttons-block__item_bottom_space\">Erfahren Sie mehr \u00fcber den Erfolg von TC Brigantijn!<\/a>\r\n      <\/div>\r\n   <\/div>\r\n   <!--    \r\n      <section class=\"testimonials testimonials_theme_blue\">\r\n          \r\n          <div class=\"container\">\r\n              \r\n              <h3 class=\"testimonials__title\">what our partners say<\/h3>\r\n              \r\n              <div class=\"testimonials__row\">\r\n                  \r\n                  <div class=\"testimonials__item\">\r\n                      <div class=\"testimonials__item-pic\">\r\n                          <img decoding=\"async\" src=\"https:\/\/tcbrigantijn.nl\/wp-content\/themes\/tcbrigantijn\/assets\/img\/testimonials\/1.png\" alt=\"img\" class=\"testimonials__item-img\">\r\n                      <\/div>\r\n                      <h4 class=\"testimonials__item-title\">Dick Advocat<\/h4>\r\n                      <span class=\"testimonials__item-subtitle\">Soccer trainer, Hague<\/span>\r\n                      <p class=\"testimonials__item-text\">Picanha pig beef hamburger jowl shank bacon, doner kielbasa beef ribs. Tongue tail flank, doner pork ham hock fatback corned beef pork belly jerky frankfurter kielbasa filet mignon sausage pork loin. Turducken burgdoggen flank, andouille bacon doner jerky leberkas shank sausage spare ribs swine.<\/p>\r\n                  <\/div>\r\n                  \r\n                  <div class=\"testimonials__item\">\r\n                      <div class=\"testimonials__item-pic\">\r\n                          <img decoding=\"async\" src=\"https:\/\/tcbrigantijn.nl\/wp-content\/themes\/tcbrigantijn\/assets\/img\/testimonials\/2.png\" alt=\"img\" class=\"testimonials__item-img\">\r\n                      <\/div>\r\n                      <h4 class=\"testimonials__item-title\">Ruud Gullit<\/h4>\r\n                      <span class=\"testimonials__item-subtitle\">Dentist, Amsterdam<\/span>\r\n                      <p class=\"testimonials__item-text\">Andouille cupim tri-tip ham venison prosciutto. Rump short loin beef ribs chicken leberkas salami beef alcatra. Filet mignon rump shank short loin turkey landjaeger drumstick. Short ribs ham kielbasa hamburger chuck strip steak fatback cupim frankfurter beef ribs.<\/p>\r\n                  <\/div>\r\n                  \r\n                  <div class=\"testimonials__item\">\r\n                      <div class=\"testimonials__item-pic\">\r\n                          <img decoding=\"async\" src=\"https:\/\/tcbrigantijn.nl\/wp-content\/themes\/tcbrigantijn\/assets\/img\/testimonials\/3.png\" alt=\"img\" class=\"testimonials__item-img\">\r\n                      <\/div>\r\n                      <h4 class=\"testimonials__item-title\">Carice van Houten<\/h4>\r\n                      <span class=\"testimonials__item-subtitle\">Dentist, Hague<\/span>\r\n                      <p class=\"testimonials__item-text\">Turducken pork belly shank, ground round pork rump kielbasa ham capicola doner. Cupim flank leberkas pork. Turkey ham hock chicken jerky alcatra cow tenderloin biltong leberkas tri-tip capicola ball tip brisket hamburger pork chop.<\/p>\r\n                  <\/div>\r\n                  \r\n              <\/div>\r\n              \r\n          <\/div>\r\n          \r\n      <\/section> -->\r\n<\/main>","protected":false},"excerpt":{"rendered":"\/ F\u00fcr Spezialisten \/ Starten mit der eigenen Praxis Starten mit der eigenen Praxis Sind Sie Zahnarzt oder ein anderer Facharzt? M\u00f6chten Sie eine eigene Praxis er\u00f6ffnen, wissen aber nicht sicher wie? Haben Sie spezielle Fragen, wie zum Beispiel: Wie mache ich einen Business Plan? Wie finde ich die richtige Bank? Wie mache ich eine [&hellip;]","protected":false},"author":5,"featured_media":0,"parent":0,"menu_order":0,"comment_status":"closed","ping_status":"closed","template":"main-menu-page.php","meta":{"footnotes":""},"class_list":["post-786","page","type-page","status-publish","hentry"],"_links":{"self":[{"href":"https:\/\/tcbrigantijn.nl\/de\/wp-json\/wp\/v2\/pages\/786","targetHints":{"allow":["GET"]}}],"collection":[{"href":"https:\/\/tcbrigantijn.nl\/de\/wp-json\/wp\/v2\/pages"}],"about":[{"href":"https:\/\/tcbrigantijn.nl\/de\/wp-json\/wp\/v2\/types\/page"}],"author":[{"embeddable":true,"href":"https:\/\/tcbrigantijn.nl\/de\/wp-json\/wp\/v2\/users\/5"}],"replies":[{"embeddable":true,"href":"https:\/\/tcbrigantijn.nl\/de\/wp-json\/wp\/v2\/comments?post=786"}],"version-history":[{"count":0,"href":"https:\/\/tcbrigantijn.nl\/de\/wp-json\/wp\/v2\/pages\/786\/revisions"}],"wp:attachment":[{"href":"https:\/\/tcbrigantijn.nl\/de\/wp-json\/wp\/v2\/media?parent=786"}],"curies":[{"name":"wp","href":"https:\/\/api.w.org\/{rel}","templated":true}]}}