{"id":251,"date":"2018-06-19T10:09:45","date_gmt":"2018-06-19T10:09:45","guid":{"rendered":"http:\/\/tcbrigantijn.nl\/?page_id=251"},"modified":"2023-04-28T09:13:17","modified_gmt":"2023-04-28T08:13:17","slug":"the-practice","status":"publish","type":"page","link":"https:\/\/tcbrigantijn.nl\/de\/the-practice\/","title":{"rendered":"Die Praxis"},"content":{"rendered":"&nbsp;\r\n<div class=\"container\">\r\n<div class=\"breadcrumbs breadcrumbs_light_theme\"><span class=\"active-bread\">\/ \u00dcber uns \/ <\/span>\r\n<span class=\"active-bread\">Die Praxis<\/span><\/div>\r\n<\/div>\r\n<div class=\"container\">\r\n<div class=\"main-info main-info_border_theme\">\r\n<h1 class=\"main-title\">Die Praxis<\/h1>\r\n<div class=\"practice__row\">\r\n<p class=\"practice__text\">Das Tandheelkundig Centrum Brigantijn wurde entworfen und realisiert zwischen August 2013 und April 2014 in Zusammenarbeit mit Evgeniya und Frank Eickhoff und dem doordrechsen Fachbetrieb <a title=\"https:\/\/www.dentalair.nl\/\" href=\"https:\/\/www.dentalair.nl\/\" target=\"_blank\" rel=\"noopener\">Dentalair<\/a>. Die modern eingerichtete Praxis mit dem maritimen Karakter erf\u00fcllt alle Bedingungen, die man von einer modernen Zahnarztpraxis erwarten kann. Eine offen gestaltete Empfangshalle, ein grosser Wartebereich so wie auch grosse Behandlungsr\u00e4ume strahlen eine freundliche Umgebung aus. Die Praxis erf\u00fcllt alle modernen Standards was Hygienerichlinien (WIP-richtlijn) und Stralenschutzverordnung (KEW-dossier) betrifft.<\/p>\r\n<p class=\"practice__text\">Qualit\u00e4t, Prezision und \u00e4sthetik haben bei uns h\u00f6chste Priorit\u00e4t. Aus diesem Grund werden unsere zahntechnischen Arbeiten in den Niederlanden gefertigt. Wir arbeiten unter anderem mit ZTL aus Zoetermeer und Identiq Zahntechnick in Leidschenveen zusammen.<\/p>\r\n<p class=\"practice__text\">Wenn sie weitere Informationen \u00fcber Zahnersatz, Gebisszustand oder auch nur eine unabh\u00e4ngige Meinung haben m\u00f6chten, dann sind sie herzlich bei uns willkommen.<\/p>\r\n<p class=\"practice__text\">Team von Dental Center Brigantijn<\/p>\r\n\r\n<div class=\"practice__pic wow fadeInUp\" style=\"visibility: visible; animation-delay: 0.2s; animation-name: fadeInUp;\" data-wow-offset=\"100\" data-wow-delay=\".2s\"><img decoding=\"async\" src=\"https:\/\/tcbrigantijn.nl\/wp-content\/themes\/tcbrigantijn\/assets\/img\/practice\/1.png\" alt=\"img\" \/><\/div>\r\n<div class=\"practice__pic wow fadeInUp\" style=\"visibility: visible; animation-delay: 0.4s; animation-name: fadeInUp;\" data-wow-offset=\"100\" data-wow-delay=\".4s\"><img decoding=\"async\" src=\"https:\/\/tcbrigantijn.nl\/wp-content\/themes\/tcbrigantijn\/assets\/img\/practice\/2.png\" alt=\"img\" \/><\/div>\r\n<div class=\"practice__pic wow fadeInUp\" style=\"visibility: visible; animation-delay: 0.6s; animation-name: fadeInUp;\" data-wow-offset=\"100\" data-wow-delay=\".6s\"><\/div>\r\n<\/div>\r\n<\/div>\r\n<\/div>\r\n<section class=\"treatments treatments_offset-bottom treatments_offset-top\">\r\n<h3 class=\"section-title section-title_waves_theme wow fadeInDown\" style=\"visibility: visible; animation-name: fadeInDown;\" data-wow-offset=\"150\">Behandlungen<\/h3>\r\n<div class=\"wrapper-full\">\r\n<div class=\"treatments__row\">\r\n<div class=\"treatments__card wow fadeInUp\" style=\"visibility: visible; animation-delay: 0.2s; animation-name: fadeInUp;\" data-wow-offset=\"100\" data-wow-delay=\".2s\">\r\n<h4 class=\"treatments__title\">Allgemeine Zahnheilkunde<\/h4>\r\n&nbsp;\r\n\r\n<img decoding=\"async\" class=\"treatments__pic\" src=\"https:\/\/tcbrigantijn.nl\/wp-content\/themes\/tcbrigantijn\/assets\/img\/treatments\/1.png\" alt=\"img\" \/>\r\n<a class=\"treatments__text\" href=\"https:\/\/tcbrigantijn.nl\/de\/general-dentistry\">Bei TC Brigantijn sind sie f\u00fcr jedes Zahnproblem an der richtigen Adresse. Wir bieten Zahnheilkunde up to date. F\u00fcr Prophylaxe, Mundhygiene, Parodontologie, F\u00fcllungen, Wurzelkanalbehandlungen, orale Chirurgie, Implantologie, \u00e4sthetische und kosmetische Zahnheilkunde, prothetische Versorgung oder Behandlung bei Zahnarztangst finden sie bei uns ein erfahrenes Team von Zahn\u00e4rzten, Mundhygienisten, Assistenten und administrativen Mitarbeitern.<\/a>\r\n<a class=\"know-more\" href=\"https:\/\/tcbrigantijn.nl\/de\/general-dentistry\">Mehr<\/a>\r\n\r\n<\/div>\r\n<div class=\"treatments__card wow fadeInUp\" style=\"visibility: visible; animation-delay: 0.4s; animation-name: fadeInUp;\" data-wow-offset=\"100\" data-wow-delay=\".4s\">\r\n<h4 class=\"treatments__title\">Angstbehandlung<\/h4>\r\n&nbsp;\r\n\r\n<img decoding=\"async\" class=\"treatments__pic\" src=\"https:\/\/tcbrigantijn.nl\/wp-content\/themes\/tcbrigantijn\/assets\/img\/treatments\/2.png\" alt=\"img\" \/>\r\n<a class=\"treatments__text\" href=\"https:\/\/tcbrigantijn.nl\/de\/treatments-for-patients-with-fear\">Viele Menschen haben Angst um zum Zahnarzt zu gehen. Haben sie das auch, dann ist es gut zu wissen dass sie nicht der einzige sind. Verschieben sie deswegen nicht den Zahnarztbesuch auf spaeter. Wir finden es wichtig, dass sie sich bei uns wohl fuhlen und auch ueber ihre Angste sprechen.\r\n<\/a>\r\n<a class=\"know-more\" href=\"https:\/\/tcbrigantijn.nl\/de\/treatments-for-patients-with-fear\">Mehr<\/a>\r\n\r\n<\/div>\r\n<div class=\"treatments__card wow fadeInUp\" style=\"visibility: visible; animation-delay: 0.6s; animation-name: fadeInUp;\" data-wow-offset=\"100\" data-wow-delay=\".6s\">\r\n<h4 class=\"treatments__title\">Implantate, Kronen und Br\u00fccken<\/h4>\r\n<img decoding=\"async\" class=\"treatments__pic\" src=\"https:\/\/tcbrigantijn.nl\/wp-content\/themes\/tcbrigantijn\/assets\/img\/treatments\/3.png\" alt=\"img\" \/>\r\n<a class=\"treatments__text\" href=\"https:\/\/tcbrigantijn.nl\/de\/implants-crowns-and-bridges\">Implantate in der Zahnheilkunde haben die Natur als Vorbild. Sie k\u00f6nnen die Funktion eines nat\u00fcrlichen Elements vollst\u00e4ndig ersetzen. Ein Implantat ersetzt die nat\u00fcrliche Wurzel eines verloren gegangenen Zahnes. Der Knochen w\u00e4chst in der Regel um das Implantat herum und gibt ihm die n\u00f6tige Festigkeit. \r\n<\/a>\r\n<a class=\"know-more\" href=\"https:\/\/tcbrigantijn.nl\/de\/implants-crowns-and-bridges\">Mehr<\/a>\r\n\r\n<\/div>\r\n<div class=\"treatments__card wow fadeInUp\" style=\"visibility: visible; animation-delay: 0.2s; animation-name: fadeInUp;\" data-wow-offset=\"100\" data-wow-delay=\".2s\">\r\n<h4 class=\"treatments__title\">Parodontologie<\/h4>\r\n&nbsp;\r\n\r\n<img decoding=\"async\" class=\"treatments__pic\" src=\"https:\/\/tcbrigantijn.nl\/wp-content\/themes\/tcbrigantijn\/assets\/img\/treatments\/4.png\" alt=\"img\" \/>\r\n<a class=\"treatments__text\" href=\"https:\/\/tcbrigantijn.nl\/de\/periodontology\">\r\nDer moderne Patient erwartet von der Zahnheilkunde, dass sie so weit fortgeschritten ist, um ein gut funktionierendes Gebiss mit so wenig wie m\u00f6glichen Behandlungen zu gew\u00e4hrleisten. Pr\u00e4vention und fr\u00fchzeitige Diagnostik stehen darum an erster Stelle.\r\n<\/a>\r\n<a class=\"know-more\" href=\"https:\/\/tcbrigantijn.nl\/de\/periodontology\">Mehr<\/a>\r\n\r\n<\/div>\r\n<div class=\"treatments__card wow fadeInUp\" style=\"visibility: visible; animation-delay: 0.4s; animation-name: fadeInUp;\" data-wow-offset=\"100\" data-wow-delay=\".4s\">\r\n<h4 class=\"treatments__title\">Kinderzahnheilkunde<\/h4>\r\n&nbsp;\r\n\r\n<img decoding=\"async\" class=\"treatments__pic\" src=\"https:\/\/tcbrigantijn.nl\/wp-content\/themes\/tcbrigantijn\/assets\/img\/treatments\/5.png\" alt=\"img\" \/>\r\n<a class=\"treatments__text\" href=\"https:\/\/tcbrigantijn.nl\/de\/dentistry-for-children\">\r\nIn unserer Praxis sind Kinder mehr als willkommen. Sie k\u00f6nnen jederzeit mitkommen zur Behandlung der Eltern, Bruder oder Schwestern. \r\n<\/a>\r\n<a class=\"know-more\" href=\"https:\/\/tcbrigantijn.nl\/de\/dentistry-for-children\">Mehr<\/a>\r\n\r\n<\/div>\r\n<div class=\"treatments__card wow fadeInUp\" style=\"visibility: visible; animation-delay: 0.6s; animation-name: fadeInUp;\" data-wow-offset=\"100\" data-wow-delay=\".6s\">\r\n<h4 class=\"treatments__title\">\u00e4sthetische Zahnheilkunde<\/h4>\r\n&nbsp;\r\n\r\n<img decoding=\"async\" class=\"treatments__pic\" src=\"https:\/\/tcbrigantijn.nl\/wp-content\/themes\/tcbrigantijn\/assets\/img\/treatments\/6.png\" alt=\"img\" \/>\r\n<a class=\"treatments__text\" href=\"https:\/\/tcbrigantijn.nl\/de\/esthetic-dentistry\">\r\n\u00e4sthetische Zahnheilkunde wird immer popul\u00e4rer in der heutigen modernen Welt. Mehr und mehr Menschen wollen ein perfektes Gebiss und wei\u00dfere Z\u00e4hne. Aber was ist eigentlich \u00e4sthetik? \r\n<\/a>\r\n<a class=\"know-more\" href=\"https:\/\/tcbrigantijn.nl\/de\/esthetic-dentistry\">Mehr<\/a>\r\n\r\n<\/div>\r\n<\/div>\r\n<\/div>\r\n<\/section>\r\n<div class=\"forms forms_bottom_offset\">\r\n<div class=\"appointment appointment__bottom\">\r\n<div class=\"wrapper\">\r\n<div class=\"appointment__row\">\n<div class=\"wpcf7 no-js\" id=\"wpcf7-f475-o1\" lang=\"en-US\" dir=\"ltr\" data-wpcf7-id=\"475\">\n<div class=\"screen-reader-response\"><p role=\"status\" aria-live=\"polite\" aria-atomic=\"true\"><\/p> <ul><\/ul><\/div>\n<form action=\"\/de\/wp-json\/wp\/v2\/pages\/251#wpcf7-f475-o1\" method=\"post\" class=\"wpcf7-form init appointment__form\" aria-label=\"Contact form\" novalidate=\"novalidate\" data-status=\"init\">\n<fieldset class=\"hidden-fields-container\"><input type=\"hidden\" name=\"_wpcf7\" value=\"475\" \/><input type=\"hidden\" name=\"_wpcf7_version\" value=\"6.1.5\" \/><input type=\"hidden\" name=\"_wpcf7_locale\" value=\"en_US\" \/><input type=\"hidden\" name=\"_wpcf7_unit_tag\" value=\"wpcf7-f475-o1\" \/><input type=\"hidden\" name=\"_wpcf7_container_post\" value=\"0\" \/><input type=\"hidden\" name=\"_wpcf7_posted_data_hash\" value=\"\" \/><input type=\"hidden\" name=\"_wpcf7_recaptcha_response\" value=\"\" \/>\n<\/fieldset>\n<div class=\"appointment__data\">\n        <span class=\"wpcf7-form-control-wrap\" data-name=\"your-name\"><input size=\"40\" maxlength=\"400\" class=\"wpcf7-form-control wpcf7-text wpcf7-validates-as-required\" aria-required=\"true\" aria-invalid=\"false\" placeholder=\"Ihre Name*\" value=\"\" type=\"text\" name=\"your-name\" \/><\/span>\n        <span class=\"wpcf7-form-control-wrap\" data-name=\"your-email\"><input size=\"40\" maxlength=\"400\" class=\"wpcf7-form-control wpcf7-email wpcf7-validates-as-required wpcf7-text wpcf7-validates-as-email\" aria-required=\"true\" aria-invalid=\"false\" placeholder=\"E-Mail-Addresse*\" value=\"\" type=\"email\" name=\"your-email\" \/><\/span>\n        <span class=\"wpcf7-form-control-wrap\" data-name=\"your-phone-number\"><input size=\"40\" maxlength=\"400\" class=\"wpcf7-form-control wpcf7-text wpcf7-validates-as-required\" aria-required=\"true\" aria-invalid=\"false\" placeholder=\"Telefonnummer*\" value=\"\" type=\"text\" name=\"your-phone-number\" \/><\/span>\n        <div class=\"calendar-wrapper\">  \n<span class=\"wpcf7-form-control-wrap\" data-name=\"preffered-date\"><input size=\"40\" maxlength=\"400\" class=\"wpcf7-form-control wpcf7-text walcf7-datepicker\" aria-invalid=\"false\" placeholder=\"Gew\u00fcnschtes Datum\" value=\"\" type=\"text\" name=\"preffered-date\" \/><\/span>\n        <\/div>\n\n<\/div>\n<div class=\"appointment__message\">\n        <span class=\"wpcf7-form-control-wrap\" data-name=\"how-can-we-help-you\"><textarea cols=\"40\" rows=\"5\" maxlength=\"2000\" class=\"wpcf7-form-control wpcf7-textarea\" aria-invalid=\"false\" placeholder=\"Wie k\u00f6nnen wir Ihnen helfen?\" name=\"how-can-we-help-you\"><\/textarea><\/span>\n\n<\/div>\n\n<div class=\"appointment__btn\">\n        <input class=\"wpcf7-form-control wpcf7-submit has-spinner callback__submit\" type=\"submit\" value=\"Senden\" \/> \n\t<input class=\"callback__clear\" type=\"reset\" value=\"alles l\u00f6schen\">\n<\/div><div class=\"wpcf7-response-output\" aria-hidden=\"true\"><\/div>\n<\/form>\n<\/div>\n<\/div>\r\n<\/div>\r\n<\/div>\r\n<div class=\"callback callback__bottom\">\r\n<div class=\"wrapper\">\r\n<div class=\"callback__row\">\n<div class=\"wpcf7 no-js\" id=\"wpcf7-f448-o2\" lang=\"en-US\" dir=\"ltr\" data-wpcf7-id=\"448\">\n<div class=\"screen-reader-response\"><p role=\"status\" aria-live=\"polite\" aria-atomic=\"true\"><\/p> <ul><\/ul><\/div>\n<form action=\"\/de\/wp-json\/wp\/v2\/pages\/251#wpcf7-f448-o2\" method=\"post\" class=\"wpcf7-form init callback__form\" aria-label=\"Contact form\" novalidate=\"novalidate\" data-status=\"init\">\n<fieldset class=\"hidden-fields-container\"><input type=\"hidden\" name=\"_wpcf7\" value=\"448\" \/><input type=\"hidden\" name=\"_wpcf7_version\" value=\"6.1.5\" \/><input type=\"hidden\" name=\"_wpcf7_locale\" value=\"en_US\" \/><input type=\"hidden\" name=\"_wpcf7_unit_tag\" value=\"wpcf7-f448-o2\" \/><input type=\"hidden\" name=\"_wpcf7_container_post\" value=\"0\" \/><input type=\"hidden\" name=\"_wpcf7_posted_data_hash\" value=\"\" \/><input type=\"hidden\" name=\"_wpcf7_recaptcha_response\" value=\"\" \/>\n<\/fieldset>\n<div class=\"callback__data\">\n        <span class=\"wpcf7-form-control-wrap\" data-name=\"your-name\"><input size=\"40\" maxlength=\"400\" class=\"wpcf7-form-control wpcf7-text wpcf7-validates-as-required\" aria-required=\"true\" aria-invalid=\"false\" placeholder=\"Ihre Name*\" value=\"\" type=\"text\" name=\"your-name\" \/><\/span>\n        <span class=\"wpcf7-form-control-wrap\" data-name=\"your-phone-number\"><input size=\"40\" maxlength=\"400\" class=\"wpcf7-form-control wpcf7-text wpcf7-validates-as-required\" aria-required=\"true\" aria-invalid=\"false\" placeholder=\"Telefonnummer*\" value=\"\" type=\"text\" name=\"your-phone-number\" \/><\/span>\n        \n\n<\/div>\n<div class=\"callback__message\">\n        <span class=\"wpcf7-form-control-wrap\" data-name=\"remark\"><textarea cols=\"40\" rows=\"2\" maxlength=\"2000\" class=\"wpcf7-form-control wpcf7-textarea\" aria-invalid=\"false\" placeholder=\"Bemerkung\" name=\"remark\"><\/textarea><\/span>\n<\/div>\n\n\n<div class=\"callback__btn\">\n        <input class=\"wpcf7-form-control wpcf7-submit has-spinner callback__submit\" type=\"submit\" value=\"Senden\" \/> \n\t<input class=\"callback__clear\" type=\"reset\" value=\"alles l\u00f6schen\">\n<\/div><div class=\"wpcf7-response-output\" aria-hidden=\"true\"><\/div>\n<\/form>\n<\/div>\n<\/div>\r\n<\/div>\r\n<\/div>\r\n<div class=\"buttons-block buttons-block_border_theme lg-none\">\r\n                <button class=\"buttons-block__item buttons-block__item_enroll buttons-block__item_left-radius bottom-enroll\" type=\"button\">Termin machen<\/button>\r\n                <button class=\"buttons-block__item buttons-block__item_callback  bottom-callback\" type=\"button\">R\u00fcckruf anfragen<\/button>\r\n                <a href=\"https:\/\/tcbrigantijn.nl\/emergency-appointment\" class=\"buttons-block__item buttons-block__item_emergency buttons-block__item_right-radius\">Notfalltermin<\/a>\r\n            <\/div>\r\n<div class=\"buttons-block lg-flex\">\r\n\r\n<button class=\"buttons-block__item buttons-block__item_enroll footer-enroll\" type=\"button\">Termin machen<\/button>\r\n<div class=\"appointment appointment__footer\">\r\n<div class=\"appointment__row\">\n<div class=\"wpcf7 no-js\" id=\"wpcf7-f477-o3\" lang=\"en-US\" dir=\"ltr\" data-wpcf7-id=\"477\">\n<div class=\"screen-reader-response\"><p role=\"status\" aria-live=\"polite\" aria-atomic=\"true\"><\/p> <ul><\/ul><\/div>\n<form action=\"\/de\/wp-json\/wp\/v2\/pages\/251#wpcf7-f477-o3\" method=\"post\" class=\"wpcf7-form init appointment__form\" aria-label=\"Contact form\" novalidate=\"novalidate\" data-status=\"init\">\n<fieldset class=\"hidden-fields-container\"><input type=\"hidden\" name=\"_wpcf7\" value=\"477\" \/><input type=\"hidden\" name=\"_wpcf7_version\" value=\"6.1.5\" \/><input type=\"hidden\" name=\"_wpcf7_locale\" value=\"en_US\" \/><input type=\"hidden\" name=\"_wpcf7_unit_tag\" value=\"wpcf7-f477-o3\" \/><input type=\"hidden\" name=\"_wpcf7_container_post\" value=\"0\" \/><input type=\"hidden\" name=\"_wpcf7_posted_data_hash\" value=\"\" \/><input type=\"hidden\" name=\"_wpcf7_recaptcha_response\" value=\"\" \/>\n<\/fieldset>\n<div class=\"appointment__data\">\n        <span class=\"wpcf7-form-control-wrap\" data-name=\"your-name\"><input size=\"40\" maxlength=\"400\" class=\"wpcf7-form-control wpcf7-text wpcf7-validates-as-required\" aria-required=\"true\" aria-invalid=\"false\" placeholder=\"Ihre Name*\" value=\"\" type=\"text\" name=\"your-name\" \/><\/span>\n        <span class=\"wpcf7-form-control-wrap\" data-name=\"your-email\"><input size=\"40\" maxlength=\"400\" class=\"wpcf7-form-control wpcf7-email wpcf7-validates-as-required wpcf7-text wpcf7-validates-as-email\" aria-required=\"true\" aria-invalid=\"false\" placeholder=\"E-Mail-Addresse*\" value=\"\" type=\"email\" name=\"your-email\" \/><\/span>\n        <span class=\"wpcf7-form-control-wrap\" data-name=\"your-phone-number\"><input size=\"40\" maxlength=\"400\" class=\"wpcf7-form-control wpcf7-text wpcf7-validates-as-required\" aria-required=\"true\" aria-invalid=\"false\" placeholder=\"Telefonnummer*\" value=\"\" type=\"text\" name=\"your-phone-number\" \/><\/span>\n        <div class=\"calendar-wrapper\"><span class=\"wpcf7-form-control-wrap\" data-name=\"preffered-date\"><input size=\"40\" maxlength=\"400\" class=\"wpcf7-form-control wpcf7-text walcf7-datepicker\" aria-invalid=\"false\" placeholder=\"Gew\u00fcnschtes Datum\" value=\"\" type=\"text\" name=\"preffered-date\" \/><\/span> <\/div>\n\n<\/div>\n<div class=\"appointment__message\">\n        <span class=\"wpcf7-form-control-wrap\" data-name=\"how-can-we-help-you\"><textarea cols=\"40\" rows=\"5\" maxlength=\"2000\" class=\"wpcf7-form-control wpcf7-textarea\" aria-invalid=\"false\" placeholder=\"Wie k\u00c3\u00b6nnen wir Ihnen helfen?\" name=\"how-can-we-help-you\"><\/textarea><\/span>\n\n<\/div>\n\n<div class=\"appointment__btn\">\n        <input class=\"wpcf7-form-control wpcf7-submit has-spinner callback__submit\" type=\"submit\" value=\"Senden\" \/> \n\t<input class=\"callback__clear\" type=\"reset\" value=\"alles l\u00c3\u00b6schen\">\n<\/div><div class=\"wpcf7-response-output\" aria-hidden=\"true\"><\/div>\n<\/form>\n<\/div>\n<\/div>\r\n<\/div>\r\n<button class=\"buttons-block__item buttons-block__item_callback footer-callback\" type=\"button\">R\u00fcckruf anfragen<\/button>\r\n<div class=\"callback callback__footer\">\r\n<div class=\"callback__row\">\n<div class=\"wpcf7 no-js\" id=\"wpcf7-f448-o4\" lang=\"en-US\" dir=\"ltr\" data-wpcf7-id=\"448\">\n<div class=\"screen-reader-response\"><p role=\"status\" aria-live=\"polite\" aria-atomic=\"true\"><\/p> <ul><\/ul><\/div>\n<form action=\"\/de\/wp-json\/wp\/v2\/pages\/251#wpcf7-f448-o4\" method=\"post\" class=\"wpcf7-form init callback__form\" aria-label=\"Contact form\" novalidate=\"novalidate\" data-status=\"init\">\n<fieldset class=\"hidden-fields-container\"><input type=\"hidden\" name=\"_wpcf7\" value=\"448\" \/><input type=\"hidden\" name=\"_wpcf7_version\" value=\"6.1.5\" \/><input type=\"hidden\" name=\"_wpcf7_locale\" value=\"en_US\" \/><input type=\"hidden\" name=\"_wpcf7_unit_tag\" value=\"wpcf7-f448-o4\" \/><input type=\"hidden\" name=\"_wpcf7_container_post\" value=\"0\" \/><input type=\"hidden\" name=\"_wpcf7_posted_data_hash\" value=\"\" \/><input type=\"hidden\" name=\"_wpcf7_recaptcha_response\" value=\"\" \/>\n<\/fieldset>\n<div class=\"callback__data\">\n        <span class=\"wpcf7-form-control-wrap\" data-name=\"your-name\"><input size=\"40\" maxlength=\"400\" class=\"wpcf7-form-control wpcf7-text wpcf7-validates-as-required\" aria-required=\"true\" aria-invalid=\"false\" placeholder=\"Ihre Name*\" value=\"\" type=\"text\" name=\"your-name\" \/><\/span>\n        <span class=\"wpcf7-form-control-wrap\" data-name=\"your-phone-number\"><input size=\"40\" maxlength=\"400\" class=\"wpcf7-form-control wpcf7-text wpcf7-validates-as-required\" aria-required=\"true\" aria-invalid=\"false\" placeholder=\"Telefonnummer*\" value=\"\" type=\"text\" name=\"your-phone-number\" \/><\/span>\n        \n\n<\/div>\n<div class=\"callback__message\">\n        <span class=\"wpcf7-form-control-wrap\" data-name=\"remark\"><textarea cols=\"40\" rows=\"2\" maxlength=\"2000\" class=\"wpcf7-form-control wpcf7-textarea\" aria-invalid=\"false\" placeholder=\"Bemerkung\" name=\"remark\"><\/textarea><\/span>\n<\/div>\n\n\n<div class=\"callback__btn\">\n        <input class=\"wpcf7-form-control wpcf7-submit has-spinner callback__submit\" type=\"submit\" value=\"Senden\" \/> \n\t<input class=\"callback__clear\" type=\"reset\" value=\"alles l\u00f6schen\">\n<\/div><div class=\"wpcf7-response-output\" aria-hidden=\"true\"><\/div>\n<\/form>\n<\/div>\n<\/div>\r\n<\/div>\r\n<a class=\"buttons-block__item buttons-block__item_emergency\" href=\"https:\/\/tcbrigantijn.nl\/emergency-appointment\">Notfalltermine<\/a>\r\n\r\n<\/div>\r\n<\/div>\r\n&nbsp;","protected":false},"excerpt":{"rendered":"&nbsp; \/ \u00dcber uns \/ Die Praxis Die Praxis Das Tandheelkundig Centrum Brigantijn wurde entworfen und realisiert zwischen August 2013 und April 2014 in Zusammenarbeit mit Evgeniya und Frank Eickhoff und dem doordrechsen Fachbetrieb Dentalair. Die modern eingerichtete Praxis mit dem maritimen Karakter erf\u00fcllt alle Bedingungen, die man von einer modernen Zahnarztpraxis erwarten kann. Eine [&hellip;]","protected":false},"author":5,"featured_media":0,"parent":0,"menu_order":0,"comment_status":"closed","ping_status":"closed","template":"main-menu-page.php","meta":{"footnotes":""},"class_list":["post-251","page","type-page","status-publish","hentry"],"_links":{"self":[{"href":"https:\/\/tcbrigantijn.nl\/de\/wp-json\/wp\/v2\/pages\/251","targetHints":{"allow":["GET"]}}],"collection":[{"href":"https:\/\/tcbrigantijn.nl\/de\/wp-json\/wp\/v2\/pages"}],"about":[{"href":"https:\/\/tcbrigantijn.nl\/de\/wp-json\/wp\/v2\/types\/page"}],"author":[{"embeddable":true,"href":"https:\/\/tcbrigantijn.nl\/de\/wp-json\/wp\/v2\/users\/5"}],"replies":[{"embeddable":true,"href":"https:\/\/tcbrigantijn.nl\/de\/wp-json\/wp\/v2\/comments?post=251"}],"version-history":[{"count":5,"href":"https:\/\/tcbrigantijn.nl\/de\/wp-json\/wp\/v2\/pages\/251\/revisions"}],"predecessor-version":[{"id":1411,"href":"https:\/\/tcbrigantijn.nl\/de\/wp-json\/wp\/v2\/pages\/251\/revisions\/1411"}],"wp:attachment":[{"href":"https:\/\/tcbrigantijn.nl\/de\/wp-json\/wp\/v2\/media?parent=251"}],"curies":[{"name":"wp","href":"https:\/\/api.w.org\/{rel}","templated":true}]}}