{"id":2,"date":"2018-03-08T23:14:15","date_gmt":"2018-03-08T23:14:15","guid":{"rendered":"http:\/\/localhost\/orange-bird\/?page_id=2"},"modified":"2025-05-16T11:02:46","modified_gmt":"2025-05-16T10:02:46","slug":"sample-page","status":"publish","type":"page","link":"https:\/\/tcbrigantijn.nl\/de\/","title":{"rendered":"Home Page"},"content":{"rendered":"<div class=\"greeting greeting_offset\">\r\n<div class=\"wrapper\">\r\n<div class=\"greeting__row\">\r\n<div class=\"greeting__pic\"><img decoding=\"async\" class=\"mobile-none\" src=\"wp-content\/themes\/tcbrigantijn\/assets\/img\/greeting\/person.png\" alt=\"person\" \/>\r\n<img decoding=\"async\" class=\"mobile-true\" src=\"wp-content\/themes\/tcbrigantijn\/assets\/img\/greeting\/person-mob.png\" alt=\"person\" \/><\/div>\r\n<div class=\"greeting__info\">\r\n<h1 class=\"greeting__title wow fadeInDown\" data-wow-offset=\"150\">Wilkommen!<\/h1>\r\n<p class=\"greeting__text\" data-wow-offset=\"150\">Das Team des Zahn\u00e4rtztezentrums Brigantijn, heisst sie herzlich willkommen. Wir bieten Zahnheilkunde up-to- date in gem\u00fctlicher Atmosphere. Dadurch wird es f\u00fcr Patienten mit Zahnartztangst einfach gemacht den ersten Schritt in unsere Zahnartztpraxis zu setzen. Behandlungen unter Lachgas oder Vollnarkose werden durch uns angeboten. Prevention und Mundhygiene haben nach unserer Behandlungsfilosofie h\u00f6chste Priorit\u00e4t. Neben allgemeiner Zahnheilkunde und Kinderzahnheilkunde bieten wir ebenso hochwertige lmplantologie und Parodontologie. Durch die intensieve Zusammenarbeit mit unserem zahntechnischen Team, finden wir f\u00fcr jede Situation die optimale L\u00f6sung.<\/p>\r\n<p class=\"greeting__text\">Sie sind jederzeit willkommen um das Team vom Zahn\u00e4rtztezentrum Brigantijn kennen zu lernen.<\/p>\r\n&nbsp;\r\n\r\n<\/div>\r\n<\/div>\r\n<\/div>\r\n<\/div>\r\n<section class=\"welcome\" style=\"padding-bottom: 0;\">\r\n<div class=\"container\">\r\n<h3 class=\"section-title section-title_waves_theme wow fadeInDown animated\" style=\"visibility: visible; animation-name: undefined;\">Unser Team hei\u00dft\r\ndich willkommen!<\/h3>\r\n<div class=\"welcome__pic\"><img decoding=\"async\" class=\"welcome__img\" src=\"https:\/\/tcbrigantijn.nl\/wp-content\/themes\/tcbrigantijn\/assets\/img\/vacancies\/team-photo.jpg\" alt=\"img\" \/><\/div>\r\n<a class=\"know-more\" href=\"https:\/\/tcbrigantijn.nl\/the-team\">erfahren Sie mehr \u00fcber unser Team<\/a>\r\n\r\n<\/div>\r\n<\/section><section class=\"treatments treatments_offset-bottom treatments_offset-top\">\r\n<h3 class=\"section-title section-title_waves_theme wow fadeInDown\" style=\"visibility: visible; animation-name: fadeInDown;\" data-wow-offset=\"150\">Behandlungen<\/h3>\r\n<div class=\"wrapper-full\">\r\n<div class=\"treatments__row\">\r\n<div class=\"treatments__card wow fadeInUp\" style=\"visibility: visible; animation-delay: 0.2s; animation-name: fadeInUp;\" data-wow-offset=\"100\" data-wow-delay=\".2s\">\r\n<h4 class=\"treatments__title\">Allgemeine Zahnheilkunde<\/h4>\r\n&nbsp;\r\n\r\n<img decoding=\"async\" class=\"treatments__pic\" src=\"https:\/\/tcbrigantijn.nl\/wp-content\/themes\/tcbrigantijn\/assets\/img\/treatments\/1.png\" alt=\"img\" \/>\r\n<a class=\"treatments__text\" href=\"https:\/\/tcbrigantijn.nl\/de\/general-dentistry\">Bei TC Brigantijn sind sie f\u00fcr jedes Zahnproblem an der richtigen Adresse. Wir bieten Zahnheilkunde up to date. F\u00fcr Prophylaxe, Mundhygiene, Parodontologie, F\u00fcllungen, Wurzelkanalbehandlungen, orale Chirurgie, Implantologie, \u00e4sthetische und kosmetische Zahnheilkunde, prothetische Versorgung oder Behandlung bei Zahnarztangst finden sie bei uns ein erfahrenes Team von Zahn\u00e4rzten, Mundhygienisten, Assistenten und administrativen Mitarbeitern.<\/a>\r\n<a class=\"know-more\" href=\"https:\/\/tcbrigantijn.nl\/de\/general-dentistry\">Mehr<\/a>\r\n\r\n<\/div>\r\n<div class=\"treatments__card wow fadeInUp\" style=\"visibility: visible; animation-delay: 0.4s; animation-name: fadeInUp;\" data-wow-offset=\"100\" data-wow-delay=\".4s\">\r\n<h4 class=\"treatments__title\">Angstbehandlung<\/h4>\r\n&nbsp;\r\n\r\n<img decoding=\"async\" class=\"treatments__pic\" src=\"https:\/\/tcbrigantijn.nl\/wp-content\/themes\/tcbrigantijn\/assets\/img\/treatments\/2.png\" alt=\"img\" \/>\r\n<a class=\"treatments__text\" href=\"https:\/\/tcbrigantijn.nl\/de\/treatments-for-patients-with-fear\">Viele Menschen haben Angst um zum Zahnarzt zu gehen. Haben sie das auch, dann ist es gut zu wissen dass sie nicht der einzige sind. Verschieben sie deswegen nicht den Zahnarztbesuch auf spaeter. Wir finden es wichtig, dass sie sich bei uns wohl fuhlen und auch ueber ihre Angste sprechen.\r\n<\/a>\r\n<a class=\"know-more\" href=\"https:\/\/tcbrigantijn.nl\/de\/treatments-for-patients-with-fear\">Mehr<\/a>\r\n\r\n<\/div>\r\n<div class=\"treatments__card wow fadeInUp\" style=\"visibility: visible; animation-delay: 0.6s; animation-name: fadeInUp;\" data-wow-offset=\"100\" data-wow-delay=\".6s\">\r\n<h4 class=\"treatments__title\">Implantate, Kronen und Br\u00fccken<\/h4>\r\n<img decoding=\"async\" class=\"treatments__pic\" src=\"https:\/\/tcbrigantijn.nl\/wp-content\/themes\/tcbrigantijn\/assets\/img\/treatments\/3.png\" alt=\"img\" \/>\r\n<a class=\"treatments__text\" href=\"https:\/\/tcbrigantijn.nl\/de\/implants-crowns-and-bridges\">Implantate in der Zahnheilkunde haben die Natur als Vorbild. Sie k\u00f6nnen die Funktion eines nat\u00fcrlichen Elements vollst\u00e4ndig ersetzen. Ein Implantat ersetzt die nat\u00fcrliche Wurzel eines verloren gegangenen Zahnes. Der Knochen w\u00e4chst in der Regel um das Implantat herum und gibt ihm die n\u00f6tige Festigkeit. \r\n<\/a>\r\n<a class=\"know-more\" href=\"https:\/\/tcbrigantijn.nl\/de\/implants-crowns-and-bridges\">Mehr<\/a>\r\n\r\n<\/div>\r\n<div class=\"treatments__card wow fadeInUp\" style=\"visibility: visible; animation-delay: 0.2s; animation-name: fadeInUp;\" data-wow-offset=\"100\" data-wow-delay=\".2s\">\r\n<h4 class=\"treatments__title\">Parodontologie<\/h4>\r\n&nbsp;\r\n\r\n<img decoding=\"async\" class=\"treatments__pic\" src=\"https:\/\/tcbrigantijn.nl\/wp-content\/themes\/tcbrigantijn\/assets\/img\/treatments\/4.png\" alt=\"img\" \/>\r\n<a class=\"treatments__text\" href=\"https:\/\/tcbrigantijn.nl\/de\/periodontology\">\r\nDer moderne Patient erwartet von der Zahnheilkunde, dass sie so weit fortgeschritten ist, um ein gut funktionierendes Gebiss mit so wenig wie m\u00f6glichen Behandlungen zu gew\u00e4hrleisten. Pr\u00e4vention und fr\u00fchzeitige Diagnostik stehen darum an erster Stelle.\r\n<\/a>\r\n<a class=\"know-more\" href=\"https:\/\/tcbrigantijn.nl\/de\/periodontology\">Mehr<\/a>\r\n\r\n<\/div>\r\n<div class=\"treatments__card wow fadeInUp\" style=\"visibility: visible; animation-delay: 0.4s; animation-name: fadeInUp;\" data-wow-offset=\"100\" data-wow-delay=\".4s\">\r\n<h4 class=\"treatments__title\">Kinderzahnheilkunde<\/h4>\r\n&nbsp;\r\n\r\n<img decoding=\"async\" class=\"treatments__pic\" src=\"https:\/\/tcbrigantijn.nl\/wp-content\/themes\/tcbrigantijn\/assets\/img\/treatments\/5.png\" alt=\"img\" \/>\r\n<a class=\"treatments__text\" href=\"https:\/\/tcbrigantijn.nl\/de\/dentistry-for-children\">\r\nIn unserer Praxis sind Kinder mehr als willkommen. Sie k\u00f6nnen jederzeit mitkommen zur Behandlung der Eltern, Bruder oder Schwestern. \r\n<\/a>\r\n<a class=\"know-more\" href=\"https:\/\/tcbrigantijn.nl\/de\/dentistry-for-children\">Mehr<\/a>\r\n\r\n<\/div>\r\n<div class=\"treatments__card wow fadeInUp\" style=\"visibility: visible; animation-delay: 0.6s; animation-name: fadeInUp;\" data-wow-offset=\"100\" data-wow-delay=\".6s\">\r\n<h4 class=\"treatments__title\">\u00e4sthetische Zahnheilkunde<\/h4>\r\n&nbsp;\r\n\r\n<img decoding=\"async\" class=\"treatments__pic\" src=\"https:\/\/tcbrigantijn.nl\/wp-content\/themes\/tcbrigantijn\/assets\/img\/treatments\/6.png\" alt=\"img\" \/>\r\n<a class=\"treatments__text\" href=\"https:\/\/tcbrigantijn.nl\/de\/esthetic-dentistry\">\r\n\u00e4sthetische Zahnheilkunde wird immer popul\u00e4rer in der heutigen modernen Welt. Mehr und mehr Menschen wollen ein perfektes Gebiss und wei\u00dfere Z\u00e4hne. Aber was ist eigentlich \u00e4sthetik? \r\n<\/a>\r\n<a class=\"know-more\" href=\"https:\/\/tcbrigantijn.nl\/de\/esthetic-dentistry\">Mehr<\/a>\r\n\r\n<\/div>\r\n<\/div>\r\n<\/div>\r\n<\/section>\r\n\r\n<section class=\"practice \">\r\n<h3 class=\"section-title wow fadeInDown\" data-wow-offset=\"150\">Die Praxis<\/h3>\r\n<div class=\"container\">\r\n<div class=\"practice__row\">\r\n<p class=\"practice__text\">Das Tandheelkundig Centrum Brigantijn wurde entworfen und realisiert zwischen August 2013 und April 2014 in Zusammenarbeit mit Evgeniya und Frank Eickhoff und dem doordrechsen Fachbetrieb\u00c2\u00a0<a href=\"https:\/\/www.dentalair.nl\/\" target=\"_blank\" rel=\"noopener\">Dentalair<\/a>. Die modern eingerichtete Praxis mit dem maritimen Karakter erf\u00fcllt alle Bedingungen, die man von einer modernen Zahnarztpraxis erwarten kann. Eine offen gestaltete Empfangshalle, ein grosser Wartebereich so wie auch grosse Behandlungsr\u00e4ume strahlen eine freundliche Umgebung aus. Die Praxis erf\u00fcllt alle modernen Standards was Hygienerichlinien (WIP-richtlijn) und Stralenschutzverordnung (KEW-dossier) betrifft.<\/p>\r\n<p class=\"practice__text\">Qualit\u00e4t, Prezision und \u00e4sthetik haben bei uns h\u00f6chste Priorit\u00e4t. Aus diesem Grund werden unsere zahntechnischen Arbeiten in den Niederlanden gefertigt. Wir arbeiten unter anderem mit ZTL aus Zoetermeer und Identiq Zahntechnick in Leidschenveen zusammen.<\/p>\r\n<p class=\"practice__text\">Ihr Team\u00a0TC Brigantijn<\/p>\r\n\r\n<div class=\"practice__pic wow fadeInUp\" data-wow-offset=\"100\" data-wow-delay=\".2s\"><img decoding=\"async\" src=\"wp-content\/themes\/tcbrigantijn\/assets\/img\/practice\/1.png\" alt=\"img\" \/><\/div>\r\n<div class=\"practice__pic wow fadeInUp\" data-wow-offset=\"100\" data-wow-delay=\".4s\"><img decoding=\"async\" src=\"wp-content\/themes\/tcbrigantijn\/assets\/img\/practice\/2.png\" alt=\"img\" \/><\/div>\r\n<div class=\"practice__pic wow fadeInUp\" data-wow-offset=\"100\" data-wow-delay=\".6s\"><img decoding=\"async\" src=\"wp-content\/themes\/tcbrigantijn\/assets\/img\/practice\/3.png\" alt=\"img\" \/><\/div>\r\n<\/div>\r\n<\/div>\r\n<\/section>","protected":false},"excerpt":{"rendered":"Wilkommen! Das Team des Zahn\u00e4rtztezentrums Brigantijn, heisst sie herzlich willkommen. Wir bieten Zahnheilkunde up-to- date in gem\u00fctlicher Atmosphere. Dadurch wird es f\u00fcr Patienten mit Zahnartztangst einfach gemacht den ersten Schritt in unsere Zahnartztpraxis zu setzen. Behandlungen unter Lachgas oder Vollnarkose werden durch uns angeboten. Prevention und Mundhygiene haben nach unserer Behandlungsfilosofie h\u00f6chste Priorit\u00e4t. Neben allgemeiner [&hellip;]","protected":false},"author":5,"featured_media":0,"parent":0,"menu_order":0,"comment_status":"closed","ping_status":"closed","template":"front-page.php","meta":{"footnotes":""},"class_list":["post-2","page","type-page","status-publish","hentry"],"_links":{"self":[{"href":"https:\/\/tcbrigantijn.nl\/de\/wp-json\/wp\/v2\/pages\/2","targetHints":{"allow":["GET"]}}],"collection":[{"href":"https:\/\/tcbrigantijn.nl\/de\/wp-json\/wp\/v2\/pages"}],"about":[{"href":"https:\/\/tcbrigantijn.nl\/de\/wp-json\/wp\/v2\/types\/page"}],"author":[{"embeddable":true,"href":"https:\/\/tcbrigantijn.nl\/de\/wp-json\/wp\/v2\/users\/5"}],"replies":[{"embeddable":true,"href":"https:\/\/tcbrigantijn.nl\/de\/wp-json\/wp\/v2\/comments?post=2"}],"version-history":[{"count":9,"href":"https:\/\/tcbrigantijn.nl\/de\/wp-json\/wp\/v2\/pages\/2\/revisions"}],"predecessor-version":[{"id":1555,"href":"https:\/\/tcbrigantijn.nl\/de\/wp-json\/wp\/v2\/pages\/2\/revisions\/1555"}],"wp:attachment":[{"href":"https:\/\/tcbrigantijn.nl\/de\/wp-json\/wp\/v2\/media?parent=2"}],"curies":[{"name":"wp","href":"https:\/\/api.w.org\/{rel}","templated":true}]}}