{"id":1278,"date":"2019-03-17T00:42:31","date_gmt":"2019-03-16T23:42:31","guid":{"rendered":"https:\/\/tcbrigantijn.nl\/?page_id=1278"},"modified":"2022-01-28T09:09:32","modified_gmt":"2022-01-28T08:09:32","slug":"implantology-mentorship","status":"publish","type":"page","link":"https:\/\/tcbrigantijn.nl\/de\/implantology-mentorship\/","title":{"rendered":"Implantologie-Mentorenschaft"},"content":{"rendered":"<main>\r\n<div class=\"container\">\r\n   <div class=\"breadcrumbs breadcrumbs_light_theme\"><span class=\"active-bread\">\/ F\u00fcr Spezialisten \/ <\/span>\r\n      <span class=\"active-bread\">Implantologie-Mentorenschaft<\/span>\r\n   <\/div>\r\n<\/div>\r\n<div class=\"container\">\r\n   \r\n      <h1 class=\"main-title\">Implantologie-Mentorenschaft<\/h1>\r\n      <p class=\"main-text\">Frank Eickhoff verf\u00fcgt \u00fcber mehr als 20 Jahre Erfahrung als Implantologe, ist Mitglied der Niederl\u00e4ndischen Vereinigung f\u00fcr Zahnimplantologie (NVOI) und hat als Zahntechniker studiert und praktiziert.<\/p>\r\n<\/div>\r\n<div class=\"buttons-block lg-flex buttons-block_mobile\">\r\n \t \t<button class=\"buttons-block__item buttons-block__item_left-radius mobile-enroll buttons-block__item_mentorship\" type=\"button\">Wenn Sie von Frank Eickhof an der Implontologie-Betreuung interessiert sind, senden Sie eine E-Mail<\/button>\r\n \t \t<\/div>\r\n \t \t<div class=\"start__wrapper start__wrapper-top \">\r\n \t \t<div class=\"buttons-block lg-none\">\r\n \t \t<a class=\"start__btn\" href=\"mailto:dentalsonata@gmail.com\">Wenn Sie von Frank Eickhof an der Implontologie-Betreuung interessiert sind, senden Sie eine E-Mail<\/a>\r\n \t \t<\/div><\/div>\r\n<section>\r\n   <div class=\"container\">\r\n      <p class=\"main-text\">Es ist nicht \u00fcberraschend, dass das <a href=\"https:\/\/implantcollege.eu\" target=\"_blank\" rel=\"noopener\">Implant College<\/a> 2018 Frank gebeten hat, Mentor f\u00fcr jene Zahn\u00e4rzte zu werden, die mit der Implantation von Implantaten beginnen m\u00f6chten. Nach Abschluss des theoretischen und praktischen Studiums am Implant College erhalten die Zahn\u00e4rzte w\u00e4hrend der Startphase ihrer Praxis eine Betreuung und ein praktisches Coaching. Frank besucht eine Kursleiterpraxis und bietet Unterst\u00fctzung von der ersten Beratung bis zur Implantation. Frank beantwortet Fragen des Cursisten und gibt ihm praktische Tipps:\r\n      <\/p>\r\n\r\n      <ul class=\"factors__list factors__list-sm\">\r\n         <li class=\"factors__list-item\">In welchen F\u00e4llen k\u00f6nnen oder k\u00f6nnen Sie nicht implantieren?<\/li>\r\n         <li class=\"factors__list-item\">Welche Instrumente, Materialien und Ger\u00e4te werden ben\u00f6tigt?<\/li>\r\n         <li class=\"factors__list-item\">Wie sieht ein Angebot f\u00fcr ein Implantat aus, so dass es f\u00fcr einen Patienten klar ist?<\/li>\r\n         <li class=\"factors__list-item\">Was ist das zugrunde liegende Risiko eines Implantats und wie k\u00f6nnen Sie es minimieren?<\/li>\r\n         <li class=\"factors__list-item\">In welchen F\u00e4llen m\u00fcssen Sie m\u00f6glicherweise eine vorimplantologische Operation wie Sinuslift oder Kieferkorrektur in Betracht ziehen?<\/li>\r\n      <\/ul>\r\n      <p class=\"main-text\">Im Laufe der Zeit werden die Praktizierenden fachkundiger und selbstbewusster, und die Betreuung kann eingestellt werden. Es h\u00e4ngt von dedem einzelnen ab, wie lange es dauert,bis die neuen Implantologen in der Lage sind, unabh\u00e4ngig und sicher zu arbeiten. Nach Abschluss der Betreuung steht Frank den Zahn\u00e4rzten und ihren Patienten bei Problemen jeder Zeit zur Verf\u00fcgung.  \r\n     <\/p>\r\n   <\/div>\r\n<\/section>\r\n<div class=\"buttons-block lg-block\">\r\n<button class=\"buttons-block__item buttons-block__item_callback buttons-block__item_mentorship\" type=\"button\">Wenn Sie von Frank Eickhof an der Implontologie-Betreuung interessiert sind, senden Sie eine E-Mail<\/button>\r\n<\/div>\r\n<div class=\"start__wrapper start__wrapper-bm\">\r\n <div class=\"buttons-block lg-none\"><a class=\"start__btn start__btn_bottom\" href=\"mailto:dentalsonata@gmail.com\">Wenn Sie von Frank Eickhof an der Implontologie-Betreuung interessiert sind, senden Sie eine E-Mail<\/a><\/div>\r\n<\/div>\r\n\r\n<\/main>","protected":false},"excerpt":{"rendered":"\/ F\u00fcr Spezialisten \/ Implantologie-Mentorenschaft Implantologie-Mentorenschaft Frank Eickhoff verf\u00fcgt \u00fcber mehr als 20 Jahre Erfahrung als Implantologe, ist Mitglied der Niederl\u00e4ndischen Vereinigung f\u00fcr Zahnimplantologie (NVOI) und hat als Zahntechniker studiert und praktiziert. Wenn Sie von Frank Eickhof an der Implontologie-Betreuung interessiert sind, senden Sie eine E-Mail Wenn Sie von Frank Eickhof an der Implontologie-Betreuung interessiert [&hellip;]","protected":false},"author":5,"featured_media":0,"parent":0,"menu_order":0,"comment_status":"closed","ping_status":"closed","template":"main-menu-page.php","meta":{"footnotes":""},"class_list":["post-1278","page","type-page","status-publish","hentry"],"_links":{"self":[{"href":"https:\/\/tcbrigantijn.nl\/de\/wp-json\/wp\/v2\/pages\/1278","targetHints":{"allow":["GET"]}}],"collection":[{"href":"https:\/\/tcbrigantijn.nl\/de\/wp-json\/wp\/v2\/pages"}],"about":[{"href":"https:\/\/tcbrigantijn.nl\/de\/wp-json\/wp\/v2\/types\/page"}],"author":[{"embeddable":true,"href":"https:\/\/tcbrigantijn.nl\/de\/wp-json\/wp\/v2\/users\/5"}],"replies":[{"embeddable":true,"href":"https:\/\/tcbrigantijn.nl\/de\/wp-json\/wp\/v2\/comments?post=1278"}],"version-history":[{"count":1,"href":"https:\/\/tcbrigantijn.nl\/de\/wp-json\/wp\/v2\/pages\/1278\/revisions"}],"predecessor-version":[{"id":1488,"href":"https:\/\/tcbrigantijn.nl\/de\/wp-json\/wp\/v2\/pages\/1278\/revisions\/1488"}],"wp:attachment":[{"href":"https:\/\/tcbrigantijn.nl\/de\/wp-json\/wp\/v2\/media?parent=1278"}],"curies":[{"name":"wp","href":"https:\/\/api.w.org\/{rel}","templated":true}]}}